{"id":17557,"date":"2025-05-10T21:37:07","date_gmt":"2025-05-10T17:37:07","guid":{"rendered":"https:\/\/mammadogullari.com\/?post_type=product&#038;p=17557"},"modified":"2025-05-20T15:56:01","modified_gmt":"2025-05-20T11:56:01","slug":"inter-g%c9%99nc-otagi","status":"publish","type":"product","link":"https:\/\/mammadogullari.com\/ru\/mehsullar\/inter-g%c9%99nc-otagi\/","title":{"rendered":"\u0130nter g\u0259nc ota\u011f\u0131"},"content":{"rendered":"","protected":false},"excerpt":{"rendered":"<table width=\"582\">\n<tbody>\n<tr>\n<td width=\"234\">\u00c7ALI\u015eMA MASASI<\/td>\n<td width=\"116\">H-760<\/td>\n<td width=\"116\">W-1200<\/td>\n<td width=\"116\">D-600<\/td>\n<\/tr>\n<tr>\n<td>DOLAB 3 QAPILI<\/td>\n<td>H-2000<\/td>\n<td>W-1340<\/td>\n<td>D-590<\/td>\n<\/tr>\n<tr>\n<td>KARYOLA (100 L\u00dcK)<\/td>\n<td>H-1105<\/td>\n<td>W-1090<\/td>\n<td>D-2185<\/td>\n<\/tr>\n<tr>\n<td>RANZA<\/td>\n<td>H-1800<\/td>\n<td>W-1950<\/td>\n<td>D-970<\/td>\n<\/tr>\n<tr>\n<td>N\u018fRD\u0130VAN<\/td>\n<td>H-1485<\/td>\n<td>W-1280<\/td>\n<td>D-510<\/td>\n<\/tr>\n<tr>\n<td>K\u0130TABLIQ<\/td>\n<td>H-1740<\/td>\n<td>W-800<\/td>\n<td>D-415<\/td>\n<\/tr>\n<tr>\n<td>KOMOD\u0130N<\/td>\n<td>H-440<\/td>\n<td>W-560<\/td>\n<td>D-440<\/td>\n<\/tr>\n<\/tbody>\n<\/table>","protected":false},"featured_media":17565,"template":"","meta":[],"product_brand":[],"product_cat":[119],"product_tag":[],"class_list":{"0":"post-17557","1":"product","2":"type-product","3":"status-publish","4":"has-post-thumbnail","6":"product_cat-gnc-otagi","8":"first","9":"instock","10":"shipping-taxable","11":"product-type-simple"},"yoast_head":"<!-- This site is optimized with the Yoast SEO plugin v25.8 - https:\/\/yoast.com\/wordpress\/plugins\/seo\/ -->\n<title>\u0130nter g\u0259nc ota\u011f\u0131 - M\u018fMM\u018fDO\u011eULLARI MEBEL<\/title>\n<meta name=\"robots\" content=\"index, follow, max-snippet:-1, max-image-preview:large, max-video-preview:-1\" \/>\n<link rel=\"canonical\" href=\"https:\/\/mammadogullari.com\/ru\/mehsullar\/inter-g\u0259nc-otagi\/\" \/>\n<meta property=\"og:locale\" content=\"ru_RU\" \/>\n<meta property=\"og:type\" content=\"article\" \/>\n<meta property=\"og:title\" content=\"\u0130nter g\u0259nc ota\u011f\u0131 - M\u018fMM\u018fDO\u011eULLARI MEBEL\" \/>\n<meta property=\"og:description\" content=\"\u00c7ALI\u015eMA MASASI H-760 W-1200 D-600   DOLAB 3 QAPILI H-2000 W-1340 D-590   KARYOLA (100 L\u00dcK) H-1105 W-1090 D-2185   RANZA H-1800 W-1950 D-970   N\u018fRD\u0130VAN H-1485 W-1280 D-510   K\u0130TABLIQ H-1740 W-800 D-415   KOMOD\u0130N H-440 W-560 D-440\" \/>\n<meta property=\"og:url\" content=\"https:\/\/mammadogullari.com\/ru\/mehsullar\/inter-g\u0259nc-otagi\/\" \/>\n<meta property=\"og:site_name\" content=\"M\u018fMM\u018fDO\u011eULLARI MEBEL\" \/>\n<meta property=\"article:publisher\" content=\"https:\/\/www.facebook.com\/profile.php?id=61575295276684\" \/>\n<meta property=\"article:modified_time\" content=\"2025-05-20T11:56:01+00:00\" \/>\n<meta property=\"og:image\" content=\"https:\/\/mammadogullari.com\/wp-content\/uploads\/2025\/05\/inter-genc-min-681f8de2bc47f.webp\" \/>\n\t<meta property=\"og:image:width\" content=\"2000\" \/>\n\t<meta property=\"og:image:height\" content=\"1200\" \/>\n\t<meta property=\"og:image:type\" content=\"image\/webp\" \/>\n<meta name=\"twitter:card\" content=\"summary_large_image\" \/>\n<script type=\"application\/ld+json\" class=\"yoast-schema-graph\">{\"@context\":\"https:\/\/schema.org\",\"@graph\":[{\"@type\":\"WebPage\",\"@id\":\"https:\/\/mammadogullari.com\/mehsullar\/inter-g%c9%99nc-otagi\/\",\"url\":\"https:\/\/mammadogullari.com\/mehsullar\/inter-g%c9%99nc-otagi\/\",\"name\":\"\u0130nter g\u0259nc ota\u011f\u0131 - M\u018fMM\u018fDO\u011eULLARI MEBEL\",\"isPartOf\":{\"@id\":\"https:\/\/mammadogullari.com\/#website\"},\"primaryImageOfPage\":{\"@id\":\"https:\/\/mammadogullari.com\/mehsullar\/inter-g%c9%99nc-otagi\/#primaryimage\"},\"image\":{\"@id\":\"https:\/\/mammadogullari.com\/mehsullar\/inter-g%c9%99nc-otagi\/#primaryimage\"},\"thumbnailUrl\":\"https:\/\/mammadogullari.com\/wp-content\/uploads\/2025\/05\/inter-genc-min-681f8de2bc47f.webp\",\"datePublished\":\"2025-05-10T17:37:07+00:00\",\"dateModified\":\"2025-05-20T11:56:01+00:00\",\"breadcrumb\":{\"@id\":\"https:\/\/mammadogullari.com\/mehsullar\/inter-g%c9%99nc-otagi\/#breadcrumb\"},\"inLanguage\":\"ru-RU\",\"potentialAction\":[{\"@type\":\"ReadAction\",\"target\":[\"https:\/\/mammadogullari.com\/mehsullar\/inter-g%c9%99nc-otagi\/\"]}]},{\"@type\":\"ImageObject\",\"inLanguage\":\"ru-RU\",\"@id\":\"https:\/\/mammadogullari.com\/mehsullar\/inter-g%c9%99nc-otagi\/#primaryimage\",\"url\":\"https:\/\/mammadogullari.com\/wp-content\/uploads\/2025\/05\/inter-genc-min-681f8de2bc47f.webp\",\"contentUrl\":\"https:\/\/mammadogullari.com\/wp-content\/uploads\/2025\/05\/inter-genc-min-681f8de2bc47f.webp\",\"width\":2000,\"height\":1200},{\"@type\":\"BreadcrumbList\",\"@id\":\"https:\/\/mammadogullari.com\/mehsullar\/inter-g%c9%99nc-otagi\/#breadcrumb\",\"itemListElement\":[{\"@type\":\"ListItem\",\"position\":1,\"name\":\"Home\",\"item\":\"https:\/\/mammadogullari.com\/\"},{\"@type\":\"ListItem\",\"position\":2,\"name\":\"M\u0259hsullar\",\"item\":\"https:\/\/mammadogullari.com\/mahsullar\/\"},{\"@type\":\"ListItem\",\"position\":3,\"name\":\"\u0130nter g\u0259nc ota\u011f\u0131\"}]},{\"@type\":\"WebSite\",\"@id\":\"https:\/\/mammadogullari.com\/#website\",\"url\":\"https:\/\/mammadogullari.com\/\",\"name\":\"M\u0259mm\u0259do\u011fullar\u0131 Mebel\",\"description\":\"\",\"publisher\":{\"@id\":\"https:\/\/mammadogullari.com\/#organization\"},\"potentialAction\":[{\"@type\":\"SearchAction\",\"target\":{\"@type\":\"EntryPoint\",\"urlTemplate\":\"https:\/\/mammadogullari.com\/?s={search_term_string}\"},\"query-input\":{\"@type\":\"PropertyValueSpecification\",\"valueRequired\":true,\"valueName\":\"search_term_string\"}}],\"inLanguage\":\"ru-RU\"},{\"@type\":\"Organization\",\"@id\":\"https:\/\/mammadogullari.com\/#organization\",\"name\":\"M\u0259mm\u0259do\u011fullar\u0131 Mebel\",\"url\":\"https:\/\/mammadogullari.com\/\",\"logo\":{\"@type\":\"ImageObject\",\"inLanguage\":\"ru-RU\",\"@id\":\"https:\/\/mammadogullari.com\/#\/schema\/logo\/image\/\",\"url\":\"https:\/\/mammadogullari.com\/wp-content\/uploads\/2025\/04\/Memmedogullari-Logo-01-e1744276156707.webp\",\"contentUrl\":\"https:\/\/mammadogullari.com\/wp-content\/uploads\/2025\/04\/Memmedogullari-Logo-01-e1744276156707.webp\",\"width\":294,\"height\":61,\"caption\":\"M\u0259mm\u0259do\u011fullar\u0131 Mebel\"},\"image\":{\"@id\":\"https:\/\/mammadogullari.com\/#\/schema\/logo\/image\/\"},\"sameAs\":[\"https:\/\/www.facebook.com\/profile.php?id=61575295276684\",\"https:\/\/www.instagram.com\/mammadogullari\",\"https:\/\/www.youtube.com\/@Mmmdoullar\",\"https:\/\/www.linkedin.com\/company\/mammadogullari\/\"]}]}<\/script>\n<!-- \/ Yoast SEO plugin. -->","yoast_head_json":{"title":"\u0130nter g\u0259nc ota\u011f\u0131 - M\u018fMM\u018fDO\u011eULLARI MEBEL","robots":{"index":"index","follow":"follow","max-snippet":"max-snippet:-1","max-image-preview":"max-image-preview:large","max-video-preview":"max-video-preview:-1"},"canonical":"https:\/\/mammadogullari.com\/ru\/mehsullar\/inter-g\u0259nc-otagi\/","og_locale":"ru_RU","og_type":"article","og_title":"\u0130nter g\u0259nc ota\u011f\u0131 - M\u018fMM\u018fDO\u011eULLARI MEBEL","og_description":"\u00c7ALI\u015eMA MASASI H-760 W-1200 D-600   DOLAB 3 QAPILI H-2000 W-1340 D-590   KARYOLA (100 L\u00dcK) H-1105 W-1090 D-2185   RANZA H-1800 W-1950 D-970   N\u018fRD\u0130VAN H-1485 W-1280 D-510   K\u0130TABLIQ H-1740 W-800 D-415   KOMOD\u0130N H-440 W-560 D-440","og_url":"https:\/\/mammadogullari.com\/ru\/mehsullar\/inter-g\u0259nc-otagi\/","og_site_name":"M\u018fMM\u018fDO\u011eULLARI MEBEL","article_publisher":"https:\/\/www.facebook.com\/profile.php?id=61575295276684","article_modified_time":"2025-05-20T11:56:01+00:00","og_image":[{"width":2000,"height":1200,"url":"https:\/\/mammadogullari.com\/wp-content\/uploads\/2025\/05\/inter-genc-min-681f8de2bc47f.webp","type":"image\/webp"}],"twitter_card":"summary_large_image","schema":{"@context":"https:\/\/schema.org","@graph":[{"@type":"WebPage","@id":"https:\/\/mammadogullari.com\/mehsullar\/inter-g%c9%99nc-otagi\/","url":"https:\/\/mammadogullari.com\/mehsullar\/inter-g%c9%99nc-otagi\/","name":"\u0130nter g\u0259nc ota\u011f\u0131 - M\u018fMM\u018fDO\u011eULLARI MEBEL","isPartOf":{"@id":"https:\/\/mammadogullari.com\/#website"},"primaryImageOfPage":{"@id":"https:\/\/mammadogullari.com\/mehsullar\/inter-g%c9%99nc-otagi\/#primaryimage"},"image":{"@id":"https:\/\/mammadogullari.com\/mehsullar\/inter-g%c9%99nc-otagi\/#primaryimage"},"thumbnailUrl":"https:\/\/mammadogullari.com\/wp-content\/uploads\/2025\/05\/inter-genc-min-681f8de2bc47f.webp","datePublished":"2025-05-10T17:37:07+00:00","dateModified":"2025-05-20T11:56:01+00:00","breadcrumb":{"@id":"https:\/\/mammadogullari.com\/mehsullar\/inter-g%c9%99nc-otagi\/#breadcrumb"},"inLanguage":"ru-RU","potentialAction":[{"@type":"ReadAction","target":["https:\/\/mammadogullari.com\/mehsullar\/inter-g%c9%99nc-otagi\/"]}]},{"@type":"ImageObject","inLanguage":"ru-RU","@id":"https:\/\/mammadogullari.com\/mehsullar\/inter-g%c9%99nc-otagi\/#primaryimage","url":"https:\/\/mammadogullari.com\/wp-content\/uploads\/2025\/05\/inter-genc-min-681f8de2bc47f.webp","contentUrl":"https:\/\/mammadogullari.com\/wp-content\/uploads\/2025\/05\/inter-genc-min-681f8de2bc47f.webp","width":2000,"height":1200},{"@type":"BreadcrumbList","@id":"https:\/\/mammadogullari.com\/mehsullar\/inter-g%c9%99nc-otagi\/#breadcrumb","itemListElement":[{"@type":"ListItem","position":1,"name":"Home","item":"https:\/\/mammadogullari.com\/"},{"@type":"ListItem","position":2,"name":"M\u0259hsullar","item":"https:\/\/mammadogullari.com\/mahsullar\/"},{"@type":"ListItem","position":3,"name":"\u0130nter g\u0259nc ota\u011f\u0131"}]},{"@type":"WebSite","@id":"https:\/\/mammadogullari.com\/#website","url":"https:\/\/mammadogullari.com\/","name":"M\u0259mm\u0259do\u011fullar\u0131 Mebel","description":"","publisher":{"@id":"https:\/\/mammadogullari.com\/#organization"},"potentialAction":[{"@type":"SearchAction","target":{"@type":"EntryPoint","urlTemplate":"https:\/\/mammadogullari.com\/?s={search_term_string}"},"query-input":{"@type":"PropertyValueSpecification","valueRequired":true,"valueName":"search_term_string"}}],"inLanguage":"ru-RU"},{"@type":"Organization","@id":"https:\/\/mammadogullari.com\/#organization","name":"M\u0259mm\u0259do\u011fullar\u0131 Mebel","url":"https:\/\/mammadogullari.com\/","logo":{"@type":"ImageObject","inLanguage":"ru-RU","@id":"https:\/\/mammadogullari.com\/#\/schema\/logo\/image\/","url":"https:\/\/mammadogullari.com\/wp-content\/uploads\/2025\/04\/Memmedogullari-Logo-01-e1744276156707.webp","contentUrl":"https:\/\/mammadogullari.com\/wp-content\/uploads\/2025\/04\/Memmedogullari-Logo-01-e1744276156707.webp","width":294,"height":61,"caption":"M\u0259mm\u0259do\u011fullar\u0131 Mebel"},"image":{"@id":"https:\/\/mammadogullari.com\/#\/schema\/logo\/image\/"},"sameAs":["https:\/\/www.facebook.com\/profile.php?id=61575295276684","https:\/\/www.instagram.com\/mammadogullari","https:\/\/www.youtube.com\/@Mmmdoullar","https:\/\/www.linkedin.com\/company\/mammadogullari\/"]}]}},"_links":{"self":[{"href":"https:\/\/mammadogullari.com\/ru\/wp-json\/wp\/v2\/product\/17557","targetHints":{"allow":["GET"]}}],"collection":[{"href":"https:\/\/mammadogullari.com\/ru\/wp-json\/wp\/v2\/product"}],"about":[{"href":"https:\/\/mammadogullari.com\/ru\/wp-json\/wp\/v2\/types\/product"}],"wp:featuredmedia":[{"embeddable":true,"href":"https:\/\/mammadogullari.com\/ru\/wp-json\/wp\/v2\/media\/17565"}],"wp:attachment":[{"href":"https:\/\/mammadogullari.com\/ru\/wp-json\/wp\/v2\/media?parent=17557"}],"wp:term":[{"taxonomy":"product_brand","embeddable":true,"href":"https:\/\/mammadogullari.com\/ru\/wp-json\/wp\/v2\/product_brand?post=17557"},{"taxonomy":"product_cat","embeddable":true,"href":"https:\/\/mammadogullari.com\/ru\/wp-json\/wp\/v2\/product_cat?post=17557"},{"taxonomy":"product_tag","embeddable":true,"href":"https:\/\/mammadogullari.com\/ru\/wp-json\/wp\/v2\/product_tag?post=17557"}],"curies":[{"name":"wp","href":"https:\/\/api.w.org\/{rel}","templated":true}]}}