{"id":17486,"date":"2025-05-10T01:39:29","date_gmt":"2025-05-09T21:39:29","guid":{"rendered":"https:\/\/mammadogullari.com\/?post_type=product&#038;p=17486"},"modified":"2025-05-10T01:39:29","modified_gmt":"2025-05-09T21:39:29","slug":"diana-yataq-otagi-2","status":"publish","type":"product","link":"https:\/\/mammadogullari.com\/ru\/mehsullar\/diana-yataq-otagi-2\/","title":{"rendered":"Diana yataq ota\u011f\u0131"},"content":{"rendered":"","protected":false},"excerpt":{"rendered":"<table width=\"527\">\n<tbody>\n<tr>\n<td width=\"179\">AYNALI \u015e\u0130FONYER<\/td>\n<td width=\"116\">H-1637<\/td>\n<td width=\"116\">W-1000<\/td>\n<td width=\"116\">D-470<\/td>\n<\/tr>\n<tr>\n<td>QARDROP<\/td>\n<td>H-2120<\/td>\n<td>W-2580<\/td>\n<td>D-685<\/td>\n<\/tr>\n<tr>\n<td>\u00c7ARPAYI<\/td>\n<td>H-1250<\/td>\n<td>W-1910<\/td>\n<td>D-2065<\/td>\n<\/tr>\n<tr>\n<td>KOMOD\u0130N<\/td>\n<td>H-450<\/td>\n<td>W-550<\/td>\n<td>D-470<\/td>\n<\/tr>\n<\/tbody>\n<\/table>","protected":false},"featured_media":17492,"template":"","meta":[],"product_brand":[],"product_cat":[42,110],"product_tag":[],"class_list":{"0":"post-17486","1":"product","2":"type-product","3":"status-publish","4":"has-post-thumbnail","6":"product_cat-carpayilar","7":"product_cat-yataq-otagi","9":"first","10":"instock","11":"shipping-taxable","12":"product-type-simple"},"yoast_head":"<!-- This site is optimized with the Yoast SEO plugin v25.8 - https:\/\/yoast.com\/wordpress\/plugins\/seo\/ -->\n<title>Diana yataq ota\u011f\u0131 - M\u018fMM\u018fDO\u011eULLARI MEBEL<\/title>\n<meta name=\"robots\" content=\"index, follow, max-snippet:-1, max-image-preview:large, max-video-preview:-1\" \/>\n<link rel=\"canonical\" href=\"https:\/\/mammadogullari.com\/ru\/mehsullar\/diana-yataq-otagi-2\/\" \/>\n<meta property=\"og:locale\" content=\"ru_RU\" \/>\n<meta property=\"og:type\" content=\"article\" \/>\n<meta property=\"og:title\" content=\"Diana yataq ota\u011f\u0131 - M\u018fMM\u018fDO\u011eULLARI MEBEL\" \/>\n<meta property=\"og:description\" content=\"AYNALI \u015e\u0130FONYER H-1637 W-1000 D-470   QARDROP H-2120 W-2580 D-685   \u00c7ARPAYI H-1250 W-1910 D-2065   KOMOD\u0130N H-450 W-550 D-470\" \/>\n<meta property=\"og:url\" content=\"https:\/\/mammadogullari.com\/ru\/mehsullar\/diana-yataq-otagi-2\/\" \/>\n<meta property=\"og:site_name\" content=\"M\u018fMM\u018fDO\u011eULLARI MEBEL\" \/>\n<meta property=\"article:publisher\" content=\"https:\/\/www.facebook.com\/profile.php?id=61575295276684\" \/>\n<meta property=\"og:image\" content=\"https:\/\/mammadogullari.com\/wp-content\/uploads\/2025\/05\/diana-yataq-min-681e754647740.webp\" \/>\n\t<meta property=\"og:image:width\" content=\"2300\" \/>\n\t<meta property=\"og:image:height\" content=\"1729\" \/>\n\t<meta property=\"og:image:type\" content=\"image\/webp\" \/>\n<meta name=\"twitter:card\" content=\"summary_large_image\" \/>\n<script type=\"application\/ld+json\" class=\"yoast-schema-graph\">{\"@context\":\"https:\/\/schema.org\",\"@graph\":[{\"@type\":\"WebPage\",\"@id\":\"https:\/\/mammadogullari.com\/mehsullar\/diana-yataq-otagi-2\/\",\"url\":\"https:\/\/mammadogullari.com\/mehsullar\/diana-yataq-otagi-2\/\",\"name\":\"Diana yataq ota\u011f\u0131 - M\u018fMM\u018fDO\u011eULLARI MEBEL\",\"isPartOf\":{\"@id\":\"https:\/\/mammadogullari.com\/#website\"},\"primaryImageOfPage\":{\"@id\":\"https:\/\/mammadogullari.com\/mehsullar\/diana-yataq-otagi-2\/#primaryimage\"},\"image\":{\"@id\":\"https:\/\/mammadogullari.com\/mehsullar\/diana-yataq-otagi-2\/#primaryimage\"},\"thumbnailUrl\":\"https:\/\/mammadogullari.com\/wp-content\/uploads\/2025\/05\/diana-yataq-min-681e754647740.webp\",\"datePublished\":\"2025-05-09T21:39:29+00:00\",\"breadcrumb\":{\"@id\":\"https:\/\/mammadogullari.com\/mehsullar\/diana-yataq-otagi-2\/#breadcrumb\"},\"inLanguage\":\"ru-RU\",\"potentialAction\":[{\"@type\":\"ReadAction\",\"target\":[\"https:\/\/mammadogullari.com\/mehsullar\/diana-yataq-otagi-2\/\"]}]},{\"@type\":\"ImageObject\",\"inLanguage\":\"ru-RU\",\"@id\":\"https:\/\/mammadogullari.com\/mehsullar\/diana-yataq-otagi-2\/#primaryimage\",\"url\":\"https:\/\/mammadogullari.com\/wp-content\/uploads\/2025\/05\/diana-yataq-min-681e754647740.webp\",\"contentUrl\":\"https:\/\/mammadogullari.com\/wp-content\/uploads\/2025\/05\/diana-yataq-min-681e754647740.webp\",\"width\":2300,\"height\":1729},{\"@type\":\"BreadcrumbList\",\"@id\":\"https:\/\/mammadogullari.com\/mehsullar\/diana-yataq-otagi-2\/#breadcrumb\",\"itemListElement\":[{\"@type\":\"ListItem\",\"position\":1,\"name\":\"Home\",\"item\":\"https:\/\/mammadogullari.com\/\"},{\"@type\":\"ListItem\",\"position\":2,\"name\":\"M\u0259hsullar\",\"item\":\"https:\/\/mammadogullari.com\/mahsullar\/\"},{\"@type\":\"ListItem\",\"position\":3,\"name\":\"Diana yataq ota\u011f\u0131\"}]},{\"@type\":\"WebSite\",\"@id\":\"https:\/\/mammadogullari.com\/#website\",\"url\":\"https:\/\/mammadogullari.com\/\",\"name\":\"M\u0259mm\u0259do\u011fullar\u0131 Mebel\",\"description\":\"\",\"publisher\":{\"@id\":\"https:\/\/mammadogullari.com\/#organization\"},\"potentialAction\":[{\"@type\":\"SearchAction\",\"target\":{\"@type\":\"EntryPoint\",\"urlTemplate\":\"https:\/\/mammadogullari.com\/?s={search_term_string}\"},\"query-input\":{\"@type\":\"PropertyValueSpecification\",\"valueRequired\":true,\"valueName\":\"search_term_string\"}}],\"inLanguage\":\"ru-RU\"},{\"@type\":\"Organization\",\"@id\":\"https:\/\/mammadogullari.com\/#organization\",\"name\":\"M\u0259mm\u0259do\u011fullar\u0131 Mebel\",\"url\":\"https:\/\/mammadogullari.com\/\",\"logo\":{\"@type\":\"ImageObject\",\"inLanguage\":\"ru-RU\",\"@id\":\"https:\/\/mammadogullari.com\/#\/schema\/logo\/image\/\",\"url\":\"https:\/\/mammadogullari.com\/wp-content\/uploads\/2025\/04\/Memmedogullari-Logo-01-e1744276156707.webp\",\"contentUrl\":\"https:\/\/mammadogullari.com\/wp-content\/uploads\/2025\/04\/Memmedogullari-Logo-01-e1744276156707.webp\",\"width\":294,\"height\":61,\"caption\":\"M\u0259mm\u0259do\u011fullar\u0131 Mebel\"},\"image\":{\"@id\":\"https:\/\/mammadogullari.com\/#\/schema\/logo\/image\/\"},\"sameAs\":[\"https:\/\/www.facebook.com\/profile.php?id=61575295276684\",\"https:\/\/www.instagram.com\/mammadogullari\",\"https:\/\/www.youtube.com\/@Mmmdoullar\",\"https:\/\/www.linkedin.com\/company\/mammadogullari\/\"]}]}<\/script>\n<!-- \/ Yoast SEO plugin. -->","yoast_head_json":{"title":"Diana yataq ota\u011f\u0131 - M\u018fMM\u018fDO\u011eULLARI MEBEL","robots":{"index":"index","follow":"follow","max-snippet":"max-snippet:-1","max-image-preview":"max-image-preview:large","max-video-preview":"max-video-preview:-1"},"canonical":"https:\/\/mammadogullari.com\/ru\/mehsullar\/diana-yataq-otagi-2\/","og_locale":"ru_RU","og_type":"article","og_title":"Diana yataq ota\u011f\u0131 - M\u018fMM\u018fDO\u011eULLARI MEBEL","og_description":"AYNALI \u015e\u0130FONYER H-1637 W-1000 D-470   QARDROP H-2120 W-2580 D-685   \u00c7ARPAYI H-1250 W-1910 D-2065   KOMOD\u0130N H-450 W-550 D-470","og_url":"https:\/\/mammadogullari.com\/ru\/mehsullar\/diana-yataq-otagi-2\/","og_site_name":"M\u018fMM\u018fDO\u011eULLARI MEBEL","article_publisher":"https:\/\/www.facebook.com\/profile.php?id=61575295276684","og_image":[{"width":2300,"height":1729,"url":"https:\/\/mammadogullari.com\/wp-content\/uploads\/2025\/05\/diana-yataq-min-681e754647740.webp","type":"image\/webp"}],"twitter_card":"summary_large_image","schema":{"@context":"https:\/\/schema.org","@graph":[{"@type":"WebPage","@id":"https:\/\/mammadogullari.com\/mehsullar\/diana-yataq-otagi-2\/","url":"https:\/\/mammadogullari.com\/mehsullar\/diana-yataq-otagi-2\/","name":"Diana yataq ota\u011f\u0131 - M\u018fMM\u018fDO\u011eULLARI MEBEL","isPartOf":{"@id":"https:\/\/mammadogullari.com\/#website"},"primaryImageOfPage":{"@id":"https:\/\/mammadogullari.com\/mehsullar\/diana-yataq-otagi-2\/#primaryimage"},"image":{"@id":"https:\/\/mammadogullari.com\/mehsullar\/diana-yataq-otagi-2\/#primaryimage"},"thumbnailUrl":"https:\/\/mammadogullari.com\/wp-content\/uploads\/2025\/05\/diana-yataq-min-681e754647740.webp","datePublished":"2025-05-09T21:39:29+00:00","breadcrumb":{"@id":"https:\/\/mammadogullari.com\/mehsullar\/diana-yataq-otagi-2\/#breadcrumb"},"inLanguage":"ru-RU","potentialAction":[{"@type":"ReadAction","target":["https:\/\/mammadogullari.com\/mehsullar\/diana-yataq-otagi-2\/"]}]},{"@type":"ImageObject","inLanguage":"ru-RU","@id":"https:\/\/mammadogullari.com\/mehsullar\/diana-yataq-otagi-2\/#primaryimage","url":"https:\/\/mammadogullari.com\/wp-content\/uploads\/2025\/05\/diana-yataq-min-681e754647740.webp","contentUrl":"https:\/\/mammadogullari.com\/wp-content\/uploads\/2025\/05\/diana-yataq-min-681e754647740.webp","width":2300,"height":1729},{"@type":"BreadcrumbList","@id":"https:\/\/mammadogullari.com\/mehsullar\/diana-yataq-otagi-2\/#breadcrumb","itemListElement":[{"@type":"ListItem","position":1,"name":"Home","item":"https:\/\/mammadogullari.com\/"},{"@type":"ListItem","position":2,"name":"M\u0259hsullar","item":"https:\/\/mammadogullari.com\/mahsullar\/"},{"@type":"ListItem","position":3,"name":"Diana yataq ota\u011f\u0131"}]},{"@type":"WebSite","@id":"https:\/\/mammadogullari.com\/#website","url":"https:\/\/mammadogullari.com\/","name":"M\u0259mm\u0259do\u011fullar\u0131 Mebel","description":"","publisher":{"@id":"https:\/\/mammadogullari.com\/#organization"},"potentialAction":[{"@type":"SearchAction","target":{"@type":"EntryPoint","urlTemplate":"https:\/\/mammadogullari.com\/?s={search_term_string}"},"query-input":{"@type":"PropertyValueSpecification","valueRequired":true,"valueName":"search_term_string"}}],"inLanguage":"ru-RU"},{"@type":"Organization","@id":"https:\/\/mammadogullari.com\/#organization","name":"M\u0259mm\u0259do\u011fullar\u0131 Mebel","url":"https:\/\/mammadogullari.com\/","logo":{"@type":"ImageObject","inLanguage":"ru-RU","@id":"https:\/\/mammadogullari.com\/#\/schema\/logo\/image\/","url":"https:\/\/mammadogullari.com\/wp-content\/uploads\/2025\/04\/Memmedogullari-Logo-01-e1744276156707.webp","contentUrl":"https:\/\/mammadogullari.com\/wp-content\/uploads\/2025\/04\/Memmedogullari-Logo-01-e1744276156707.webp","width":294,"height":61,"caption":"M\u0259mm\u0259do\u011fullar\u0131 Mebel"},"image":{"@id":"https:\/\/mammadogullari.com\/#\/schema\/logo\/image\/"},"sameAs":["https:\/\/www.facebook.com\/profile.php?id=61575295276684","https:\/\/www.instagram.com\/mammadogullari","https:\/\/www.youtube.com\/@Mmmdoullar","https:\/\/www.linkedin.com\/company\/mammadogullari\/"]}]}},"_links":{"self":[{"href":"https:\/\/mammadogullari.com\/ru\/wp-json\/wp\/v2\/product\/17486","targetHints":{"allow":["GET"]}}],"collection":[{"href":"https:\/\/mammadogullari.com\/ru\/wp-json\/wp\/v2\/product"}],"about":[{"href":"https:\/\/mammadogullari.com\/ru\/wp-json\/wp\/v2\/types\/product"}],"wp:featuredmedia":[{"embeddable":true,"href":"https:\/\/mammadogullari.com\/ru\/wp-json\/wp\/v2\/media\/17492"}],"wp:attachment":[{"href":"https:\/\/mammadogullari.com\/ru\/wp-json\/wp\/v2\/media?parent=17486"}],"wp:term":[{"taxonomy":"product_brand","embeddable":true,"href":"https:\/\/mammadogullari.com\/ru\/wp-json\/wp\/v2\/product_brand?post=17486"},{"taxonomy":"product_cat","embeddable":true,"href":"https:\/\/mammadogullari.com\/ru\/wp-json\/wp\/v2\/product_cat?post=17486"},{"taxonomy":"product_tag","embeddable":true,"href":"https:\/\/mammadogullari.com\/ru\/wp-json\/wp\/v2\/product_tag?post=17486"}],"curies":[{"name":"wp","href":"https:\/\/api.w.org\/{rel}","templated":true}]}}