{"id":17381,"date":"2025-05-08T21:24:09","date_gmt":"2025-05-08T17:24:09","guid":{"rendered":"https:\/\/mammadogullari.com\/?post_type=product&#038;p=17381"},"modified":"2025-05-08T21:24:09","modified_gmt":"2025-05-08T17:24:09","slug":"menekse-yataq-otagi","status":"publish","type":"product","link":"https:\/\/mammadogullari.com\/ru\/mehsullar\/menekse-yataq-otagi\/","title":{"rendered":"Menek\u015fe yataq ota\u011f\u0131"},"content":{"rendered":"","protected":false},"excerpt":{"rendered":"<table width=\"527\">\n<tbody>\n<tr>\n<td width=\"179\">KARYOLA<\/td>\n<td width=\"116\">H-1015<\/td>\n<td width=\"116\">W-2078<\/td>\n<td width=\"116\">D-2188<\/td>\n<\/tr>\n<tr>\n<td>QARDROP<\/td>\n<td>H-2125<\/td>\n<td>W-2580<\/td>\n<td>D-680<\/td>\n<\/tr>\n<tr>\n<td>AYNALI \u015e\u0130FONYER<\/td>\n<td>H-788<\/td>\n<td>W-1220<\/td>\n<td>D-480<\/td>\n<\/tr>\n<tr>\n<td>AYNA<\/td>\n<td>H-450<\/td>\n<td>W-450<\/td>\n<td><\/td>\n<\/tr>\n<tr>\n<td>KOMOD\u0130N<\/td>\n<td>H-388<\/td>\n<td>W-620<\/td>\n<td>D-470<\/td>\n<\/tr>\n<\/tbody>\n<\/table>","protected":false},"featured_media":17390,"template":"","meta":[],"product_brand":[],"product_cat":[42,110],"product_tag":[],"class_list":{"0":"post-17381","1":"product","2":"type-product","3":"status-publish","4":"has-post-thumbnail","6":"product_cat-carpayilar","7":"product_cat-yataq-otagi","9":"first","10":"instock","11":"shipping-taxable","12":"product-type-simple"},"yoast_head":"<!-- This site is optimized with the Yoast SEO plugin v25.8 - https:\/\/yoast.com\/wordpress\/plugins\/seo\/ -->\n<title>Menek\u015fe yataq ota\u011f\u0131 - M\u018fMM\u018fDO\u011eULLARI MEBEL<\/title>\n<meta name=\"robots\" content=\"index, follow, max-snippet:-1, max-image-preview:large, max-video-preview:-1\" \/>\n<link rel=\"canonical\" href=\"https:\/\/mammadogullari.com\/ru\/mehsullar\/menekse-yataq-otagi\/\" \/>\n<meta property=\"og:locale\" content=\"ru_RU\" \/>\n<meta property=\"og:type\" content=\"article\" \/>\n<meta property=\"og:title\" content=\"Menek\u015fe yataq ota\u011f\u0131 - M\u018fMM\u018fDO\u011eULLARI MEBEL\" \/>\n<meta property=\"og:description\" content=\"KARYOLA H-1015 W-2078 D-2188   QARDROP H-2125 W-2580 D-680   AYNALI \u015e\u0130FONYER H-788 W-1220 D-480   AYNA H-450 W-450    KOMOD\u0130N H-388 W-620 D-470\" \/>\n<meta property=\"og:url\" content=\"https:\/\/mammadogullari.com\/ru\/mehsullar\/menekse-yataq-otagi\/\" \/>\n<meta property=\"og:site_name\" content=\"M\u018fMM\u018fDO\u011eULLARI MEBEL\" \/>\n<meta property=\"article:publisher\" content=\"https:\/\/www.facebook.com\/profile.php?id=61575295276684\" \/>\n<meta property=\"og:image\" content=\"https:\/\/mammadogullari.com\/wp-content\/uploads\/2025\/05\/menekse-yataq-2-min-681ce627eb6e0-scaled.webp\" \/>\n\t<meta property=\"og:image:width\" content=\"2560\" \/>\n\t<meta property=\"og:image:height\" content=\"1824\" \/>\n\t<meta property=\"og:image:type\" content=\"image\/webp\" \/>\n<meta name=\"twitter:card\" content=\"summary_large_image\" \/>\n<script type=\"application\/ld+json\" class=\"yoast-schema-graph\">{\"@context\":\"https:\/\/schema.org\",\"@graph\":[{\"@type\":\"WebPage\",\"@id\":\"https:\/\/mammadogullari.com\/mehsullar\/menekse-yataq-otagi\/\",\"url\":\"https:\/\/mammadogullari.com\/mehsullar\/menekse-yataq-otagi\/\",\"name\":\"Menek\u015fe yataq ota\u011f\u0131 - M\u018fMM\u018fDO\u011eULLARI MEBEL\",\"isPartOf\":{\"@id\":\"https:\/\/mammadogullari.com\/#website\"},\"primaryImageOfPage\":{\"@id\":\"https:\/\/mammadogullari.com\/mehsullar\/menekse-yataq-otagi\/#primaryimage\"},\"image\":{\"@id\":\"https:\/\/mammadogullari.com\/mehsullar\/menekse-yataq-otagi\/#primaryimage\"},\"thumbnailUrl\":\"https:\/\/mammadogullari.com\/wp-content\/uploads\/2025\/05\/menekse-yataq-2-min-681ce627eb6e0-scaled.webp\",\"datePublished\":\"2025-05-08T17:24:09+00:00\",\"breadcrumb\":{\"@id\":\"https:\/\/mammadogullari.com\/mehsullar\/menekse-yataq-otagi\/#breadcrumb\"},\"inLanguage\":\"ru-RU\",\"potentialAction\":[{\"@type\":\"ReadAction\",\"target\":[\"https:\/\/mammadogullari.com\/mehsullar\/menekse-yataq-otagi\/\"]}]},{\"@type\":\"ImageObject\",\"inLanguage\":\"ru-RU\",\"@id\":\"https:\/\/mammadogullari.com\/mehsullar\/menekse-yataq-otagi\/#primaryimage\",\"url\":\"https:\/\/mammadogullari.com\/wp-content\/uploads\/2025\/05\/menekse-yataq-2-min-681ce627eb6e0-scaled.webp\",\"contentUrl\":\"https:\/\/mammadogullari.com\/wp-content\/uploads\/2025\/05\/menekse-yataq-2-min-681ce627eb6e0-scaled.webp\",\"width\":2560,\"height\":1824},{\"@type\":\"BreadcrumbList\",\"@id\":\"https:\/\/mammadogullari.com\/mehsullar\/menekse-yataq-otagi\/#breadcrumb\",\"itemListElement\":[{\"@type\":\"ListItem\",\"position\":1,\"name\":\"Home\",\"item\":\"https:\/\/mammadogullari.com\/\"},{\"@type\":\"ListItem\",\"position\":2,\"name\":\"M\u0259hsullar\",\"item\":\"https:\/\/mammadogullari.com\/mahsullar\/\"},{\"@type\":\"ListItem\",\"position\":3,\"name\":\"Menek\u015fe yataq ota\u011f\u0131\"}]},{\"@type\":\"WebSite\",\"@id\":\"https:\/\/mammadogullari.com\/#website\",\"url\":\"https:\/\/mammadogullari.com\/\",\"name\":\"M\u0259mm\u0259do\u011fullar\u0131 Mebel\",\"description\":\"\",\"publisher\":{\"@id\":\"https:\/\/mammadogullari.com\/#organization\"},\"potentialAction\":[{\"@type\":\"SearchAction\",\"target\":{\"@type\":\"EntryPoint\",\"urlTemplate\":\"https:\/\/mammadogullari.com\/?s={search_term_string}\"},\"query-input\":{\"@type\":\"PropertyValueSpecification\",\"valueRequired\":true,\"valueName\":\"search_term_string\"}}],\"inLanguage\":\"ru-RU\"},{\"@type\":\"Organization\",\"@id\":\"https:\/\/mammadogullari.com\/#organization\",\"name\":\"M\u0259mm\u0259do\u011fullar\u0131 Mebel\",\"url\":\"https:\/\/mammadogullari.com\/\",\"logo\":{\"@type\":\"ImageObject\",\"inLanguage\":\"ru-RU\",\"@id\":\"https:\/\/mammadogullari.com\/#\/schema\/logo\/image\/\",\"url\":\"https:\/\/mammadogullari.com\/wp-content\/uploads\/2025\/04\/Memmedogullari-Logo-01-e1744276156707.webp\",\"contentUrl\":\"https:\/\/mammadogullari.com\/wp-content\/uploads\/2025\/04\/Memmedogullari-Logo-01-e1744276156707.webp\",\"width\":294,\"height\":61,\"caption\":\"M\u0259mm\u0259do\u011fullar\u0131 Mebel\"},\"image\":{\"@id\":\"https:\/\/mammadogullari.com\/#\/schema\/logo\/image\/\"},\"sameAs\":[\"https:\/\/www.facebook.com\/profile.php?id=61575295276684\",\"https:\/\/www.instagram.com\/mammadogullari\",\"https:\/\/www.youtube.com\/@Mmmdoullar\",\"https:\/\/www.linkedin.com\/company\/mammadogullari\/\"]}]}<\/script>\n<!-- \/ Yoast SEO plugin. -->","yoast_head_json":{"title":"Menek\u015fe yataq ota\u011f\u0131 - M\u018fMM\u018fDO\u011eULLARI MEBEL","robots":{"index":"index","follow":"follow","max-snippet":"max-snippet:-1","max-image-preview":"max-image-preview:large","max-video-preview":"max-video-preview:-1"},"canonical":"https:\/\/mammadogullari.com\/ru\/mehsullar\/menekse-yataq-otagi\/","og_locale":"ru_RU","og_type":"article","og_title":"Menek\u015fe yataq ota\u011f\u0131 - M\u018fMM\u018fDO\u011eULLARI MEBEL","og_description":"KARYOLA H-1015 W-2078 D-2188   QARDROP H-2125 W-2580 D-680   AYNALI \u015e\u0130FONYER H-788 W-1220 D-480   AYNA H-450 W-450    KOMOD\u0130N H-388 W-620 D-470","og_url":"https:\/\/mammadogullari.com\/ru\/mehsullar\/menekse-yataq-otagi\/","og_site_name":"M\u018fMM\u018fDO\u011eULLARI MEBEL","article_publisher":"https:\/\/www.facebook.com\/profile.php?id=61575295276684","og_image":[{"width":2560,"height":1824,"url":"https:\/\/mammadogullari.com\/wp-content\/uploads\/2025\/05\/menekse-yataq-2-min-681ce627eb6e0-scaled.webp","type":"image\/webp"}],"twitter_card":"summary_large_image","schema":{"@context":"https:\/\/schema.org","@graph":[{"@type":"WebPage","@id":"https:\/\/mammadogullari.com\/mehsullar\/menekse-yataq-otagi\/","url":"https:\/\/mammadogullari.com\/mehsullar\/menekse-yataq-otagi\/","name":"Menek\u015fe yataq ota\u011f\u0131 - M\u018fMM\u018fDO\u011eULLARI MEBEL","isPartOf":{"@id":"https:\/\/mammadogullari.com\/#website"},"primaryImageOfPage":{"@id":"https:\/\/mammadogullari.com\/mehsullar\/menekse-yataq-otagi\/#primaryimage"},"image":{"@id":"https:\/\/mammadogullari.com\/mehsullar\/menekse-yataq-otagi\/#primaryimage"},"thumbnailUrl":"https:\/\/mammadogullari.com\/wp-content\/uploads\/2025\/05\/menekse-yataq-2-min-681ce627eb6e0-scaled.webp","datePublished":"2025-05-08T17:24:09+00:00","breadcrumb":{"@id":"https:\/\/mammadogullari.com\/mehsullar\/menekse-yataq-otagi\/#breadcrumb"},"inLanguage":"ru-RU","potentialAction":[{"@type":"ReadAction","target":["https:\/\/mammadogullari.com\/mehsullar\/menekse-yataq-otagi\/"]}]},{"@type":"ImageObject","inLanguage":"ru-RU","@id":"https:\/\/mammadogullari.com\/mehsullar\/menekse-yataq-otagi\/#primaryimage","url":"https:\/\/mammadogullari.com\/wp-content\/uploads\/2025\/05\/menekse-yataq-2-min-681ce627eb6e0-scaled.webp","contentUrl":"https:\/\/mammadogullari.com\/wp-content\/uploads\/2025\/05\/menekse-yataq-2-min-681ce627eb6e0-scaled.webp","width":2560,"height":1824},{"@type":"BreadcrumbList","@id":"https:\/\/mammadogullari.com\/mehsullar\/menekse-yataq-otagi\/#breadcrumb","itemListElement":[{"@type":"ListItem","position":1,"name":"Home","item":"https:\/\/mammadogullari.com\/"},{"@type":"ListItem","position":2,"name":"M\u0259hsullar","item":"https:\/\/mammadogullari.com\/mahsullar\/"},{"@type":"ListItem","position":3,"name":"Menek\u015fe yataq ota\u011f\u0131"}]},{"@type":"WebSite","@id":"https:\/\/mammadogullari.com\/#website","url":"https:\/\/mammadogullari.com\/","name":"M\u0259mm\u0259do\u011fullar\u0131 Mebel","description":"","publisher":{"@id":"https:\/\/mammadogullari.com\/#organization"},"potentialAction":[{"@type":"SearchAction","target":{"@type":"EntryPoint","urlTemplate":"https:\/\/mammadogullari.com\/?s={search_term_string}"},"query-input":{"@type":"PropertyValueSpecification","valueRequired":true,"valueName":"search_term_string"}}],"inLanguage":"ru-RU"},{"@type":"Organization","@id":"https:\/\/mammadogullari.com\/#organization","name":"M\u0259mm\u0259do\u011fullar\u0131 Mebel","url":"https:\/\/mammadogullari.com\/","logo":{"@type":"ImageObject","inLanguage":"ru-RU","@id":"https:\/\/mammadogullari.com\/#\/schema\/logo\/image\/","url":"https:\/\/mammadogullari.com\/wp-content\/uploads\/2025\/04\/Memmedogullari-Logo-01-e1744276156707.webp","contentUrl":"https:\/\/mammadogullari.com\/wp-content\/uploads\/2025\/04\/Memmedogullari-Logo-01-e1744276156707.webp","width":294,"height":61,"caption":"M\u0259mm\u0259do\u011fullar\u0131 Mebel"},"image":{"@id":"https:\/\/mammadogullari.com\/#\/schema\/logo\/image\/"},"sameAs":["https:\/\/www.facebook.com\/profile.php?id=61575295276684","https:\/\/www.instagram.com\/mammadogullari","https:\/\/www.youtube.com\/@Mmmdoullar","https:\/\/www.linkedin.com\/company\/mammadogullari\/"]}]}},"_links":{"self":[{"href":"https:\/\/mammadogullari.com\/ru\/wp-json\/wp\/v2\/product\/17381","targetHints":{"allow":["GET"]}}],"collection":[{"href":"https:\/\/mammadogullari.com\/ru\/wp-json\/wp\/v2\/product"}],"about":[{"href":"https:\/\/mammadogullari.com\/ru\/wp-json\/wp\/v2\/types\/product"}],"wp:featuredmedia":[{"embeddable":true,"href":"https:\/\/mammadogullari.com\/ru\/wp-json\/wp\/v2\/media\/17390"}],"wp:attachment":[{"href":"https:\/\/mammadogullari.com\/ru\/wp-json\/wp\/v2\/media?parent=17381"}],"wp:term":[{"taxonomy":"product_brand","embeddable":true,"href":"https:\/\/mammadogullari.com\/ru\/wp-json\/wp\/v2\/product_brand?post=17381"},{"taxonomy":"product_cat","embeddable":true,"href":"https:\/\/mammadogullari.com\/ru\/wp-json\/wp\/v2\/product_cat?post=17381"},{"taxonomy":"product_tag","embeddable":true,"href":"https:\/\/mammadogullari.com\/ru\/wp-json\/wp\/v2\/product_tag?post=17381"}],"curies":[{"name":"wp","href":"https:\/\/api.w.org\/{rel}","templated":true}]}}