{"id":16113,"date":"2019-04-25T15:59:46","date_gmt":"2019-04-25T08:59:46","guid":{"rendered":"https:\/\/inetractive.online\/?post_type=product&#038;p=16113"},"modified":"2025-04-14T07:01:11","modified_gmt":"2025-04-14T03:01:11","slug":"vasagle-vanity-table","status":"publish","type":"product","link":"https:\/\/mammadogullari.com\/ru\/mehsullar\/vasagle-vanity-table\/","title":{"rendered":"Stul 4 &#8211; 3D \u015f\u0259killi v\u0259 detall\u0131 m\u0259lumat il\u0259"},"content":{"rendered":"<table class=\"min-w-full\" data-start=\"291\" data-end=\"1533\">\n<thead data-start=\"291\" data-end=\"359\">\n<tr data-start=\"291\" data-end=\"359\">\n<th data-start=\"291\" data-end=\"321\">\n<h3><strong data-start=\"293\" data-end=\"307\">X\u00fcsusiyy\u0259t<\/strong><\/h3>\n<\/th>\n<th data-start=\"321\" data-end=\"359\">\n<h3><strong data-start=\"323\" data-end=\"333\">T\u0259svir<\/strong><\/h3>\n<\/th>\n<\/tr>\n<\/thead>\n<tbody data-start=\"428\" data-end=\"1533\">\n<tr data-start=\"428\" data-end=\"495\">\n<td class=\"max-w-[calc(var(--thread-content-max-width)*2\/3)]\" data-start=\"428\" data-end=\"457\"><strong data-start=\"430\" data-end=\"439\">Model<\/strong><\/td>\n<td class=\"max-w-[calc(var(--thread-content-max-width)*2\/3)]\" data-start=\"457\" data-end=\"495\">\u00a0Stul ST-240<\/td>\n<\/tr>\n<tr data-start=\"496\" data-end=\"571\">\n<td class=\"max-w-[calc(var(--thread-content-max-width)*2\/3)]\" data-start=\"496\" data-end=\"525\"><strong data-start=\"498\" data-end=\"510\">Material<\/strong><\/td>\n<td class=\"max-w-[calc(var(--thread-content-max-width)*2\/3)] min-w-[calc(var(--thread-content-max-width)\/3)]\" data-start=\"525\" data-end=\"571\">T\u0259bii a\u011fac, metallik ayaqlar<\/td>\n<\/tr>\n<tr data-start=\"572\" data-end=\"650\">\n<td class=\"max-w-[calc(var(--thread-content-max-width)*2\/3)]\" data-start=\"572\" data-end=\"601\"><strong data-start=\"574\" data-end=\"594\">Oturacaq hiss\u0259si<\/strong><\/td>\n<td class=\"max-w-[calc(var(--thread-content-max-width)*2\/3)] min-w-[calc(var(--thread-content-max-width)\/3)]\" data-start=\"601\" data-end=\"650\">Yumu\u015faq par\u00e7a \u00f6rt\u00fck, i\u00e7i s\u00fcng\u0259rl\u0259 dolu<\/td>\n<\/tr>\n<tr data-start=\"651\" data-end=\"718\">\n<td class=\"max-w-[calc(var(--thread-content-max-width)*2\/3)]\" data-start=\"651\" data-end=\"680\"><strong data-start=\"653\" data-end=\"661\">R\u0259ng<\/strong><\/td>\n<td class=\"max-w-[calc(var(--thread-content-max-width)*2\/3)]\" data-start=\"680\" data-end=\"718\">Qrafit boz \/ Qoz r\u0259ngi<\/td>\n<\/tr>\n<tr data-start=\"719\" data-end=\"786\">\n<td class=\"max-w-[calc(var(--thread-content-max-width)*2\/3)]\" data-start=\"719\" data-end=\"748\"><strong data-start=\"721\" data-end=\"740\">\u00dcmumi H\u00fcnd\u00fcrl\u00fck<\/strong><\/td>\n<td class=\"max-w-[calc(var(--thread-content-max-width)*2\/3)]\" data-start=\"748\" data-end=\"786\">85 sm<\/td>\n<\/tr>\n<tr data-start=\"787\" data-end=\"854\">\n<td class=\"max-w-[calc(var(--thread-content-max-width)*2\/3)]\" data-start=\"787\" data-end=\"816\"><strong data-start=\"789\" data-end=\"812\">Oturacaq H\u00fcnd\u00fcrl\u00fcy\u00fc<\/strong><\/td>\n<td class=\"max-w-[calc(var(--thread-content-max-width)*2\/3)]\" data-start=\"816\" data-end=\"854\">45 sm<\/td>\n<\/tr>\n<tr data-start=\"855\" data-end=\"922\">\n<td class=\"max-w-[calc(var(--thread-content-max-width)*2\/3)]\" data-start=\"855\" data-end=\"884\"><strong data-start=\"857\" data-end=\"874\">En (Geni\u015flik)<\/strong><\/td>\n<td class=\"max-w-[calc(var(--thread-content-max-width)*2\/3)]\" data-start=\"884\" data-end=\"922\">48 sm<\/td>\n<\/tr>\n<tr data-start=\"923\" data-end=\"990\">\n<td class=\"max-w-[calc(var(--thread-content-max-width)*2\/3)]\" data-start=\"923\" data-end=\"952\"><strong data-start=\"925\" data-end=\"937\">D\u0259rinlik<\/strong><\/td>\n<td class=\"max-w-[calc(var(--thread-content-max-width)*2\/3)]\" data-start=\"952\" data-end=\"990\">50 sm<\/td>\n<\/tr>\n<tr data-start=\"991\" data-end=\"1058\">\n<td class=\"max-w-[calc(var(--thread-content-max-width)*2\/3)]\" data-start=\"991\" data-end=\"1020\"><strong data-start=\"993\" data-end=\"1001\">\u00c7\u0259ki<\/strong><\/td>\n<td class=\"max-w-[calc(var(--thread-content-max-width)*2\/3)]\" data-start=\"1020\" data-end=\"1058\">6.5 kq<\/td>\n<\/tr>\n<tr data-start=\"1059\" data-end=\"1126\">\n<td class=\"max-w-[calc(var(--thread-content-max-width)*2\/3)]\" data-start=\"1059\" data-end=\"1088\"><strong data-start=\"1061\" data-end=\"1083\">Da\u015f\u0131ma Qabiliyy\u0259ti<\/strong><\/td>\n<td class=\"max-w-[calc(var(--thread-content-max-width)*2\/3)]\" data-start=\"1088\" data-end=\"1126\">120 kq q\u0259d\u0259r<\/td>\n<\/tr>\n<tr data-start=\"1127\" data-end=\"1194\">\n<td class=\"max-w-[calc(var(--thread-content-max-width)*2\/3)]\" data-start=\"1127\" data-end=\"1156\"><strong data-start=\"1129\" data-end=\"1148\">\u0130stehsal \u00d6lk\u0259si<\/strong><\/td>\n<td class=\"max-w-[calc(var(--thread-content-max-width)*2\/3)]\" data-start=\"1156\" data-end=\"1194\">Az\u0259rbaycan<\/td>\n<\/tr>\n<tr data-start=\"1195\" data-end=\"1262\">\n<td class=\"max-w-[calc(var(--thread-content-max-width)*2\/3)]\" data-start=\"1195\" data-end=\"1224\"><strong data-start=\"1197\" data-end=\"1211\">Qura\u015fd\u0131rma<\/strong><\/td>\n<td class=\"max-w-[calc(var(--thread-content-max-width)*2\/3)]\" data-start=\"1224\" data-end=\"1262\">Haz\u0131r g\u0259lir (montajs\u0131z)<\/td>\n<\/tr>\n<tr data-start=\"1263\" data-end=\"1329\">\n<td class=\"max-w-[calc(var(--thread-content-max-width)*2\/3)]\" data-start=\"1263\" data-end=\"1292\"><strong data-start=\"1265\" data-end=\"1287\">T\u0259mizlik T\u00f6vsiy\u0259si<\/strong><\/td>\n<td class=\"max-w-[calc(var(--thread-content-max-width)*2\/3)]\" data-start=\"1292\" data-end=\"1329\">N\u0259m par\u00e7a il\u0259 silm\u0259k kifay\u0259tdir<\/td>\n<\/tr>\n<tr data-start=\"1330\" data-end=\"1397\">\n<td class=\"max-w-[calc(var(--thread-content-max-width)*2\/3)]\" data-start=\"1330\" data-end=\"1359\"><strong data-start=\"1332\" data-end=\"1343\">Z\u0259man\u0259t<\/strong><\/td>\n<td class=\"max-w-[calc(var(--thread-content-max-width)*2\/3)]\" data-start=\"1359\" data-end=\"1397\">12 ay<\/td>\n<\/tr>\n<tr data-start=\"1398\" data-end=\"1465\">\n<td class=\"max-w-[calc(var(--thread-content-max-width)*2\/3)]\" data-start=\"1398\" data-end=\"1427\"><strong data-start=\"1400\" data-end=\"1420\">Qiym\u0259t\u0259 daxildir<\/strong><\/td>\n<td class=\"max-w-[calc(var(--thread-content-max-width)*2\/3)]\" data-start=\"1427\" data-end=\"1465\">1 \u0259d\u0259d stul<\/td>\n<\/tr>\n<tr data-start=\"1466\" data-end=\"1533\">\n<td class=\"max-w-[calc(var(--thread-content-max-width)*2\/3)]\" data-start=\"1466\" data-end=\"1495\"><strong data-start=\"1468\" data-end=\"1482\">\u018flav\u0259 Qeyd<\/strong><\/td>\n<td class=\"max-w-[calc(var(--thread-content-max-width)*2\/3)]\" data-start=\"1495\" data-end=\"1533\">D\u0259st \u015f\u0259klind\u0259 d\u0259 sifari\u015f m\u00fcmk\u00fcnd\u00fcr<\/td>\n<\/tr>\n<\/tbody>\n<\/table>","protected":false},"excerpt":{"rendered":"[3d_viewer id=16961]","protected":false},"featured_media":16798,"template":"","meta":[],"product_brand":[],"product_cat":[76],"product_tag":[56,78,83,87],"class_list":{"0":"post-16113","1":"product","2":"type-product","3":"status-publish","4":"has-post-thumbnail","6":"product_cat-stullar","7":"product_tag-drile","8":"product_tag-theme-sky","9":"product_tag-woocommerce","10":"product_tag-wordpress","12":"first","13":"instock","14":"shipping-taxable","15":"product-type-simple"},"yoast_head":"<!-- This site is optimized with the Yoast SEO plugin v25.8 - https:\/\/yoast.com\/wordpress\/plugins\/seo\/ -->\n<title>Stul 4 - 3D \u015f\u0259killi v\u0259 detall\u0131 m\u0259lumat il\u0259 - M\u018fMM\u018fDO\u011eULLARI MEBEL<\/title>\n<meta name=\"robots\" content=\"index, follow, max-snippet:-1, max-image-preview:large, max-video-preview:-1\" \/>\n<link rel=\"canonical\" href=\"https:\/\/mammadogullari.com\/ru\/mehsullar\/vasagle-vanity-table\/\" \/>\n<meta property=\"og:locale\" content=\"ru_RU\" \/>\n<meta property=\"og:type\" content=\"article\" \/>\n<meta property=\"og:title\" content=\"Stul 4 - 3D \u015f\u0259killi v\u0259 detall\u0131 m\u0259lumat il\u0259 - M\u018fMM\u018fDO\u011eULLARI MEBEL\" \/>\n<meta property=\"og:url\" content=\"https:\/\/mammadogullari.com\/ru\/mehsullar\/vasagle-vanity-table\/\" \/>\n<meta property=\"og:site_name\" content=\"M\u018fMM\u018fDO\u011eULLARI MEBEL\" \/>\n<meta property=\"article:publisher\" content=\"https:\/\/www.facebook.com\/profile.php?id=61575295276684\" \/>\n<meta property=\"article:modified_time\" content=\"2025-04-14T03:01:11+00:00\" \/>\n<meta property=\"og:image\" content=\"https:\/\/mammadogullari.com\/wp-content\/uploads\/2019\/04\/07-800x960-1.jpg\" \/>\n\t<meta property=\"og:image:width\" content=\"800\" \/>\n\t<meta property=\"og:image:height\" content=\"960\" \/>\n\t<meta property=\"og:image:type\" content=\"image\/jpeg\" \/>\n<meta name=\"twitter:card\" content=\"summary_large_image\" \/>\n<meta name=\"twitter:description\" content=\"[3d_viewer id=16961]\" \/>\n<meta name=\"twitter:label1\" content=\"\u041f\u0440\u0438\u043c\u0435\u0440\u043d\u043e\u0435 \u0432\u0440\u0435\u043c\u044f \u0434\u043b\u044f \u0447\u0442\u0435\u043d\u0438\u044f\" \/>\n\t<meta name=\"twitter:data1\" content=\"1 \u043c\u0438\u043d\u0443\u0442\u0430\" \/>\n<script type=\"application\/ld+json\" class=\"yoast-schema-graph\">{\"@context\":\"https:\/\/schema.org\",\"@graph\":[{\"@type\":\"WebPage\",\"@id\":\"https:\/\/mammadogullari.com\/mehsullar\/vasagle-vanity-table\/\",\"url\":\"https:\/\/mammadogullari.com\/mehsullar\/vasagle-vanity-table\/\",\"name\":\"Stul 4 - 3D \u015f\u0259killi v\u0259 detall\u0131 m\u0259lumat il\u0259 - M\u018fMM\u018fDO\u011eULLARI MEBEL\",\"isPartOf\":{\"@id\":\"https:\/\/mammadogullari.com\/#website\"},\"primaryImageOfPage\":{\"@id\":\"https:\/\/mammadogullari.com\/mehsullar\/vasagle-vanity-table\/#primaryimage\"},\"image\":{\"@id\":\"https:\/\/mammadogullari.com\/mehsullar\/vasagle-vanity-table\/#primaryimage\"},\"thumbnailUrl\":\"https:\/\/mammadogullari.com\/wp-content\/uploads\/2019\/04\/07-800x960-1.jpg\",\"datePublished\":\"2019-04-25T08:59:46+00:00\",\"dateModified\":\"2025-04-14T03:01:11+00:00\",\"breadcrumb\":{\"@id\":\"https:\/\/mammadogullari.com\/mehsullar\/vasagle-vanity-table\/#breadcrumb\"},\"inLanguage\":\"ru-RU\",\"potentialAction\":[{\"@type\":\"ReadAction\",\"target\":[\"https:\/\/mammadogullari.com\/mehsullar\/vasagle-vanity-table\/\"]}]},{\"@type\":\"ImageObject\",\"inLanguage\":\"ru-RU\",\"@id\":\"https:\/\/mammadogullari.com\/mehsullar\/vasagle-vanity-table\/#primaryimage\",\"url\":\"https:\/\/mammadogullari.com\/wp-content\/uploads\/2019\/04\/07-800x960-1.jpg\",\"contentUrl\":\"https:\/\/mammadogullari.com\/wp-content\/uploads\/2019\/04\/07-800x960-1.jpg\",\"width\":800,\"height\":960},{\"@type\":\"BreadcrumbList\",\"@id\":\"https:\/\/mammadogullari.com\/mehsullar\/vasagle-vanity-table\/#breadcrumb\",\"itemListElement\":[{\"@type\":\"ListItem\",\"position\":1,\"name\":\"Home\",\"item\":\"https:\/\/mammadogullari.com\/\"},{\"@type\":\"ListItem\",\"position\":2,\"name\":\"M\u0259hsullar\",\"item\":\"https:\/\/mammadogullari.com\/mahsullar\/\"},{\"@type\":\"ListItem\",\"position\":3,\"name\":\"Stul 4 &#8211; 3D \u015f\u0259killi v\u0259 detall\u0131 m\u0259lumat il\u0259\"}]},{\"@type\":\"WebSite\",\"@id\":\"https:\/\/mammadogullari.com\/#website\",\"url\":\"https:\/\/mammadogullari.com\/\",\"name\":\"M\u0259mm\u0259do\u011fullar\u0131 Mebel\",\"description\":\"\",\"publisher\":{\"@id\":\"https:\/\/mammadogullari.com\/#organization\"},\"potentialAction\":[{\"@type\":\"SearchAction\",\"target\":{\"@type\":\"EntryPoint\",\"urlTemplate\":\"https:\/\/mammadogullari.com\/?s={search_term_string}\"},\"query-input\":{\"@type\":\"PropertyValueSpecification\",\"valueRequired\":true,\"valueName\":\"search_term_string\"}}],\"inLanguage\":\"ru-RU\"},{\"@type\":\"Organization\",\"@id\":\"https:\/\/mammadogullari.com\/#organization\",\"name\":\"M\u0259mm\u0259do\u011fullar\u0131 Mebel\",\"url\":\"https:\/\/mammadogullari.com\/\",\"logo\":{\"@type\":\"ImageObject\",\"inLanguage\":\"ru-RU\",\"@id\":\"https:\/\/mammadogullari.com\/#\/schema\/logo\/image\/\",\"url\":\"https:\/\/mammadogullari.com\/wp-content\/uploads\/2025\/04\/Memmedogullari-Logo-01-e1744276156707.webp\",\"contentUrl\":\"https:\/\/mammadogullari.com\/wp-content\/uploads\/2025\/04\/Memmedogullari-Logo-01-e1744276156707.webp\",\"width\":294,\"height\":61,\"caption\":\"M\u0259mm\u0259do\u011fullar\u0131 Mebel\"},\"image\":{\"@id\":\"https:\/\/mammadogullari.com\/#\/schema\/logo\/image\/\"},\"sameAs\":[\"https:\/\/www.facebook.com\/profile.php?id=61575295276684\",\"https:\/\/www.instagram.com\/mammadogullari\",\"https:\/\/www.youtube.com\/@Mmmdoullar\",\"https:\/\/www.linkedin.com\/company\/mammadogullari\/\"]}]}<\/script>\n<!-- \/ Yoast SEO plugin. -->","yoast_head_json":{"title":"Stul 4 - 3D \u015f\u0259killi v\u0259 detall\u0131 m\u0259lumat il\u0259 - M\u018fMM\u018fDO\u011eULLARI MEBEL","robots":{"index":"index","follow":"follow","max-snippet":"max-snippet:-1","max-image-preview":"max-image-preview:large","max-video-preview":"max-video-preview:-1"},"canonical":"https:\/\/mammadogullari.com\/ru\/mehsullar\/vasagle-vanity-table\/","og_locale":"ru_RU","og_type":"article","og_title":"Stul 4 - 3D \u015f\u0259killi v\u0259 detall\u0131 m\u0259lumat il\u0259 - M\u018fMM\u018fDO\u011eULLARI MEBEL","og_url":"https:\/\/mammadogullari.com\/ru\/mehsullar\/vasagle-vanity-table\/","og_site_name":"M\u018fMM\u018fDO\u011eULLARI MEBEL","article_publisher":"https:\/\/www.facebook.com\/profile.php?id=61575295276684","article_modified_time":"2025-04-14T03:01:11+00:00","og_image":[{"width":800,"height":960,"url":"https:\/\/mammadogullari.com\/wp-content\/uploads\/2019\/04\/07-800x960-1.jpg","type":"image\/jpeg"}],"twitter_card":"summary_large_image","twitter_description":"[3d_viewer id=16961]","twitter_misc":{"\u041f\u0440\u0438\u043c\u0435\u0440\u043d\u043e\u0435 \u0432\u0440\u0435\u043c\u044f \u0434\u043b\u044f \u0447\u0442\u0435\u043d\u0438\u044f":"1 \u043c\u0438\u043d\u0443\u0442\u0430"},"schema":{"@context":"https:\/\/schema.org","@graph":[{"@type":"WebPage","@id":"https:\/\/mammadogullari.com\/mehsullar\/vasagle-vanity-table\/","url":"https:\/\/mammadogullari.com\/mehsullar\/vasagle-vanity-table\/","name":"Stul 4 - 3D \u015f\u0259killi v\u0259 detall\u0131 m\u0259lumat il\u0259 - M\u018fMM\u018fDO\u011eULLARI MEBEL","isPartOf":{"@id":"https:\/\/mammadogullari.com\/#website"},"primaryImageOfPage":{"@id":"https:\/\/mammadogullari.com\/mehsullar\/vasagle-vanity-table\/#primaryimage"},"image":{"@id":"https:\/\/mammadogullari.com\/mehsullar\/vasagle-vanity-table\/#primaryimage"},"thumbnailUrl":"https:\/\/mammadogullari.com\/wp-content\/uploads\/2019\/04\/07-800x960-1.jpg","datePublished":"2019-04-25T08:59:46+00:00","dateModified":"2025-04-14T03:01:11+00:00","breadcrumb":{"@id":"https:\/\/mammadogullari.com\/mehsullar\/vasagle-vanity-table\/#breadcrumb"},"inLanguage":"ru-RU","potentialAction":[{"@type":"ReadAction","target":["https:\/\/mammadogullari.com\/mehsullar\/vasagle-vanity-table\/"]}]},{"@type":"ImageObject","inLanguage":"ru-RU","@id":"https:\/\/mammadogullari.com\/mehsullar\/vasagle-vanity-table\/#primaryimage","url":"https:\/\/mammadogullari.com\/wp-content\/uploads\/2019\/04\/07-800x960-1.jpg","contentUrl":"https:\/\/mammadogullari.com\/wp-content\/uploads\/2019\/04\/07-800x960-1.jpg","width":800,"height":960},{"@type":"BreadcrumbList","@id":"https:\/\/mammadogullari.com\/mehsullar\/vasagle-vanity-table\/#breadcrumb","itemListElement":[{"@type":"ListItem","position":1,"name":"Home","item":"https:\/\/mammadogullari.com\/"},{"@type":"ListItem","position":2,"name":"M\u0259hsullar","item":"https:\/\/mammadogullari.com\/mahsullar\/"},{"@type":"ListItem","position":3,"name":"Stul 4 &#8211; 3D \u015f\u0259killi v\u0259 detall\u0131 m\u0259lumat il\u0259"}]},{"@type":"WebSite","@id":"https:\/\/mammadogullari.com\/#website","url":"https:\/\/mammadogullari.com\/","name":"M\u0259mm\u0259do\u011fullar\u0131 Mebel","description":"","publisher":{"@id":"https:\/\/mammadogullari.com\/#organization"},"potentialAction":[{"@type":"SearchAction","target":{"@type":"EntryPoint","urlTemplate":"https:\/\/mammadogullari.com\/?s={search_term_string}"},"query-input":{"@type":"PropertyValueSpecification","valueRequired":true,"valueName":"search_term_string"}}],"inLanguage":"ru-RU"},{"@type":"Organization","@id":"https:\/\/mammadogullari.com\/#organization","name":"M\u0259mm\u0259do\u011fullar\u0131 Mebel","url":"https:\/\/mammadogullari.com\/","logo":{"@type":"ImageObject","inLanguage":"ru-RU","@id":"https:\/\/mammadogullari.com\/#\/schema\/logo\/image\/","url":"https:\/\/mammadogullari.com\/wp-content\/uploads\/2025\/04\/Memmedogullari-Logo-01-e1744276156707.webp","contentUrl":"https:\/\/mammadogullari.com\/wp-content\/uploads\/2025\/04\/Memmedogullari-Logo-01-e1744276156707.webp","width":294,"height":61,"caption":"M\u0259mm\u0259do\u011fullar\u0131 Mebel"},"image":{"@id":"https:\/\/mammadogullari.com\/#\/schema\/logo\/image\/"},"sameAs":["https:\/\/www.facebook.com\/profile.php?id=61575295276684","https:\/\/www.instagram.com\/mammadogullari","https:\/\/www.youtube.com\/@Mmmdoullar","https:\/\/www.linkedin.com\/company\/mammadogullari\/"]}]}},"_links":{"self":[{"href":"https:\/\/mammadogullari.com\/ru\/wp-json\/wp\/v2\/product\/16113","targetHints":{"allow":["GET"]}}],"collection":[{"href":"https:\/\/mammadogullari.com\/ru\/wp-json\/wp\/v2\/product"}],"about":[{"href":"https:\/\/mammadogullari.com\/ru\/wp-json\/wp\/v2\/types\/product"}],"wp:featuredmedia":[{"embeddable":true,"href":"https:\/\/mammadogullari.com\/ru\/wp-json\/wp\/v2\/media\/16798"}],"wp:attachment":[{"href":"https:\/\/mammadogullari.com\/ru\/wp-json\/wp\/v2\/media?parent=16113"}],"wp:term":[{"taxonomy":"product_brand","embeddable":true,"href":"https:\/\/mammadogullari.com\/ru\/wp-json\/wp\/v2\/product_brand?post=16113"},{"taxonomy":"product_cat","embeddable":true,"href":"https:\/\/mammadogullari.com\/ru\/wp-json\/wp\/v2\/product_cat?post=16113"},{"taxonomy":"product_tag","embeddable":true,"href":"https:\/\/mammadogullari.com\/ru\/wp-json\/wp\/v2\/product_tag?post=16113"}],"curies":[{"name":"wp","href":"https:\/\/api.w.org\/{rel}","templated":true}]}}