{"id":4182,"date":"2015-06-20T16:11:19","date_gmt":"2015-06-20T16:11:19","guid":{"rendered":"https:\/\/inetractive.online\/?page_id=4182"},"modified":"2025-06-16T19:07:35","modified_gmt":"2025-06-16T15:07:35","slug":"haqqimizda","status":"publish","type":"page","link":"https:\/\/mammadogullari.com\/ru\/haqqimizda\/","title":{"rendered":"\u041e \u043d\u0430\u0441"},"content":{"rendered":"<div  class=\"vc_row wpb_row vc_row-fluid vc_custom_1592291153839 vc_column-gap-default ts-row-wide\"  ><div class=\"wpb_column vc_column_container vc_col-sm-12 vc_hidden-lg\">\n\t<div class=\"wpb_wrapper\">\n\t<div class=\"vc_empty_space\"   style=\"height: 35px\"><span class=\"vc_empty_space_inner\"><\/span><\/div>\t<\/div>\n<\/div><\/div>\t<div  class=\"vc_row wpb_row vc_row-fluid vc_custom_1587962406959 vc_column-gap-default ts-row-wide loading\"  data-vc-full-width=\"true\" data-vc-full-width-init=\"false\"  data-vc-stretch-content=\"true\" ><div class=\"wpb_column vc_column_container vc_col-sm-12\">\n\t<div class=\"wpb_wrapper\">\n\t<div class=\"vc_row wpb_row vc_inner vc_row-fluid vc_custom_1587974789804 vc_row-has-fill vc_column-gap-80 vc_row-o-content-middle vc_row-flex\"><div class=\"wpb_column vc_column_container vc_col-sm-6 vc_col-lg-5 vc_col-md-6\"><div class=\"vc_column-inner\"><div class=\"wpb_wrapper\"><div class=\"vc_empty_space\"   style=\"height: 50px\"><span class=\"vc_empty_space_inner\"><\/span><\/div><h2 style=\"text-align: left\" class=\"vc_custom_heading vc_custom_1746205184738\" >Haqq\u0131m\u0131zda<\/h2>\n\t<div class=\"wpb_text_column wpb_content_element  vc_custom_1746206534858\" >\n\t\t<div class=\"wpb_wrapper\">\n\t\t\t<p>M\u0259mm\u0259do\u011fullar\u0131<br \/>\n2003-c\u00fc ild\u0259n f\u0259aliyy\u0259t g\u00f6st\u0259r\u0259n M\u018fMM\u018fDO\u011eULLARI mebel fabriki bu g\u00fcn Az\u0259rbaycan mebel bazar\u0131nda \u00f6z s\u00f6z\u00fcn\u00fc u\u011furla demi\u015f \u015firk\u0259tl\u0259rd\u0259n biridir. Bu m\u00fcdd\u0259t \u0259rzind\u0259 \u015firk\u0259td\u0259 b\u00f6y\u00fck d\u0259yi\u015fiklikl\u0259r ba\u015f vermi\u015fdir. \u015eirk\u0259t m\u00fc\u015ft\u0259ri y\u00f6n\u00fcml\u00fc strategiyan\u0131 \u00f6z\u00fcn\u00fcn \u0259sas prinsipi olaraq se\u00e7mi\u015f v\u0259 bu istiqam\u0259td\u0259 \u0259sasl\u0131 i\u015fl\u0259r g\u00f6rm\u00fc\u015fd\u00fcr.<br \/>\nM\u0259hsullar\u0131m\u0131z\u0131n \u00e7e\u015fid \u00e7oxlu\u011fu, dizayn xidm\u0259tl\u0259rimiz, keyfiyy\u0259t\u0259 n\u0259zar\u0259t, sat\u0131\u015fdan sonrak\u0131 xidm\u0259t, m\u00fc\u015ft\u0259ri y\u00f6n\u00fcml\u00fcl\u00fck kimi prinsipl\u0259r M\u018fMM\u018fDO\u011eULLARI \u015firk\u0259tin\u0259 m\u0259hsullar\u0131n\u0131 \u00f6lk\u0259 bazar\u0131nda t\u0259klif etm\u0259y\u0259 daha yax\u015f\u0131 z\u0259min yarad\u0131r.<br \/>\nEvinizd\u0259 v\u0259 ya ofisinizd\u0259 komfortlu m\u00fchitin yarad\u0131lmas\u0131, t\u0259cr\u00fcb\u0259li m\u00fct\u0259x\u0259ssisl\u0259rimiz v\u0259 geni\u015f texniki imkanlar\u0131m\u0131z say\u0259sind\u0259 m\u00fcmk\u00fcnd\u00fcr. Dizaynerl\u0259r mebel, r\u0259ng v\u0259 \u00fcslub se\u00e7imind\u0259 m\u00fcxt\u0259lif t\u0259klifl\u0259rini t\u0259qdim edir, mebelin yerl\u0259\u015fdirilm\u0259si formalar\u0131n\u0131 i\u015fl\u0259yib haz\u0131rlay\u0131rlar. Bu proses optimal rahatl\u0131\u011f\u0131 \u00f6z\u00fcnd\u0259 c\u0259ml\u0259\u015fdirir.<br \/>\n\u015eirk\u0259timiz t\u0259r\u0259find\u0259n istehsal olunan h\u0259r bir m\u0259hsul n\u00f6v\u00fcn\u0259 1 il m\u00fcdd\u0259tind\u0259 zaman\u0259t verilir.<br \/>\nBir t\u0259\u015fkilat kimi m\u00fc\u015ft\u0259ril\u0259rimizin rahatl\u0131\u011f\u0131 f\u0259aliyy\u0259timizin t\u0259m\u0259l prinsipl\u0259rind\u0259n biridir.<\/p>\n\n\t\t<\/div>\n\t<\/div>\n<div class=\"vc_empty_space\"   style=\"height: 50px\"><span class=\"vc_empty_space_inner\"><\/span><\/div><\/div><\/div><\/div><div class=\"wpb_column vc_column_container vc_col-sm-6\"><div class=\"vc_column-inner\"><div class=\"wpb_wrapper\">\t\t<div class=\"ts-image-gallery-wrapper ts-shortcode ts-slider columns-1  hide-dots-mobile show-dots dots-verticle\" data-nav=\"0\" data-dots=\"1\" data-autoplay=\"1\" data-columns=\"1\" data-margin=\"0\" data-responsive=\"0\">\n\t\t\t<div class=\"images items loading\">\n\t\t\t\t\t\t\t\t<div class=\"item\">\n\t\t\t\t\t<img loading=\"lazy\" decoding=\"async\" width=\"1024\" height=\"768\" src=\"https:\/\/mammadogullari.com\/wp-content\/uploads\/2025\/05\/dolap-1-1024x768.webp\" class=\"attachment-large size-large\" alt=\"\" srcset=\"https:\/\/mammadogullari.com\/wp-content\/uploads\/2025\/05\/dolap-1-1024x768.webp 1024w, https:\/\/mammadogullari.com\/wp-content\/uploads\/2025\/05\/dolap-1-300x225.webp 300w, https:\/\/mammadogullari.com\/wp-content\/uploads\/2025\/05\/dolap-1-768x576.webp 768w, https:\/\/mammadogullari.com\/wp-content\/uploads\/2025\/05\/dolap-1-1536x1152.webp 1536w, https:\/\/mammadogullari.com\/wp-content\/uploads\/2025\/05\/dolap-1-2048x1536.webp 2048w, https:\/\/mammadogullari.com\/wp-content\/uploads\/2025\/05\/dolap-1-16x12.webp 16w, https:\/\/mammadogullari.com\/wp-content\/uploads\/2025\/05\/dolap-1-800x600.webp 800w\" sizes=\"auto, (max-width: 1024px) 100vw, 1024px\" \/>\t\t\t\t<\/div>\n\t\t\t\t\t\t\t\t<div class=\"item\">\n\t\t\t\t\t<img loading=\"lazy\" decoding=\"async\" width=\"1024\" height=\"768\" src=\"https:\/\/mammadogullari.com\/wp-content\/uploads\/2025\/05\/ZENN-8921-1024x768.webp\" class=\"attachment-large size-large\" alt=\"\" srcset=\"https:\/\/mammadogullari.com\/wp-content\/uploads\/2025\/05\/ZENN-8921-1024x768.webp 1024w, https:\/\/mammadogullari.com\/wp-content\/uploads\/2025\/05\/ZENN-8921-300x225.webp 300w, https:\/\/mammadogullari.com\/wp-content\/uploads\/2025\/05\/ZENN-8921-768x576.webp 768w, https:\/\/mammadogullari.com\/wp-content\/uploads\/2025\/05\/ZENN-8921-1536x1152.webp 1536w, https:\/\/mammadogullari.com\/wp-content\/uploads\/2025\/05\/ZENN-8921-2048x1536.webp 2048w, https:\/\/mammadogullari.com\/wp-content\/uploads\/2025\/05\/ZENN-8921-16x12.webp 16w, https:\/\/mammadogullari.com\/wp-content\/uploads\/2025\/05\/ZENN-8921-800x600.webp 800w\" sizes=\"auto, (max-width: 1024px) 100vw, 1024px\" \/>\t\t\t\t<\/div>\n\t\t\t\t\t\t\t\t<div class=\"item\">\n\t\t\t\t\t<img loading=\"lazy\" decoding=\"async\" width=\"1024\" height=\"768\" src=\"https:\/\/mammadogullari.com\/wp-content\/uploads\/2025\/05\/karyola-sifonyer-on-1024x768.webp\" class=\"attachment-large size-large\" alt=\"\" srcset=\"https:\/\/mammadogullari.com\/wp-content\/uploads\/2025\/05\/karyola-sifonyer-on-1024x768.webp 1024w, https:\/\/mammadogullari.com\/wp-content\/uploads\/2025\/05\/karyola-sifonyer-on-300x225.webp 300w, https:\/\/mammadogullari.com\/wp-content\/uploads\/2025\/05\/karyola-sifonyer-on-768x576.webp 768w, https:\/\/mammadogullari.com\/wp-content\/uploads\/2025\/05\/karyola-sifonyer-on-1536x1152.webp 1536w, https:\/\/mammadogullari.com\/wp-content\/uploads\/2025\/05\/karyola-sifonyer-on-2048x1536.webp 2048w, https:\/\/mammadogullari.com\/wp-content\/uploads\/2025\/05\/karyola-sifonyer-on-16x12.webp 16w, https:\/\/mammadogullari.com\/wp-content\/uploads\/2025\/05\/karyola-sifonyer-on-800x600.webp 800w\" sizes=\"auto, (max-width: 1024px) 100vw, 1024px\" \/>\t\t\t\t<\/div>\n\t\t\t\t\t\t\t<\/div>\n\t\t<\/div>\n\t\t<\/div><\/div><\/div><\/div>\t<\/div>\n<\/div><\/div><div class=\"vc_row-full-width\"><\/div>\t<div  class=\"vc_row wpb_row vc_row-fluid vc_custom_1587962406959 vc_column-gap-default ts-row-wide loading\"  data-vc-full-width=\"true\" data-vc-full-width-init=\"false\"  data-vc-stretch-content=\"true\" ><div class=\"wpb_column vc_column_container vc_col-sm-12\">\n\t<div class=\"wpb_wrapper\">\n\t<div class=\"vc_row wpb_row vc_inner vc_row-fluid vc_custom_1746208641645 vc_row-has-fill vc_column-gap-80 vc_row-o-content-middle vc_row-flex\"><div class=\"wpb_column vc_column_container vc_col-sm-6 vc_col-lg-5 vc_col-md-6\"><div class=\"vc_column-inner\"><div class=\"wpb_wrapper\">\n\t<div  class=\"wpb_single_image wpb_content_element vc_align_center\">\n\t\t\n\t\t<figure class=\"wpb_wrapper vc_figure\">\n\t\t\t<div class=\"vc_single_image-wrapper   vc_box_border_grey\"><img loading=\"lazy\" decoding=\"async\" width=\"1400\" height=\"933\" src=\"https:\/\/mammadogullari.com\/wp-content\/uploads\/2020\/01\/6253762f1acd8f1193e1cb9a4f4f0cb9-67fb17e84df68.webp\" class=\"vc_single_image-img attachment-full\" alt=\"\" title=\"6253762f1acd8f1193e1cb9a4f4f0cb9-67fb17e84df68\" srcset=\"https:\/\/mammadogullari.com\/wp-content\/uploads\/2020\/01\/6253762f1acd8f1193e1cb9a4f4f0cb9-67fb17e84df68.webp 1400w, https:\/\/mammadogullari.com\/wp-content\/uploads\/2020\/01\/6253762f1acd8f1193e1cb9a4f4f0cb9-67fb17e84df68-300x200.webp 300w, https:\/\/mammadogullari.com\/wp-content\/uploads\/2020\/01\/6253762f1acd8f1193e1cb9a4f4f0cb9-67fb17e84df68-1024x682.webp 1024w, https:\/\/mammadogullari.com\/wp-content\/uploads\/2020\/01\/6253762f1acd8f1193e1cb9a4f4f0cb9-67fb17e84df68-768x512.webp 768w, https:\/\/mammadogullari.com\/wp-content\/uploads\/2020\/01\/6253762f1acd8f1193e1cb9a4f4f0cb9-67fb17e84df68-800x533.webp 800w\" sizes=\"auto, (max-width: 1400px) 100vw, 1400px\" \/><\/div>\n\t\t<\/figure>\n\t<\/div>\n<\/div><\/div><\/div><div class=\"wpb_column vc_column_container vc_col-sm-6\"><div class=\"vc_column-inner vc_custom_1746209752018\"><div class=\"wpb_wrapper\"><h2 style=\"text-align: left\" class=\"vc_custom_heading vc_custom_1746207795240\" >Missiyam\u0131z<\/h2>\n\t<div class=\"wpb_text_column wpb_content_element  vc_custom_1746210208521\" >\n\t\t<div class=\"wpb_wrapper\">\n\t\t\t<h4>Daha rahat, daha z\u00f6vql\u00fc v\u0259 daha keyfiyy\u0259tli m\u0259hsullar t\u0259qdim etm\u0259k.<\/h4>\n\n\t\t<\/div>\n\t<\/div>\n\n\t<div class=\"wpb_text_column wpb_content_element  vc_custom_1746210325226\" >\n\t\t<div class=\"wpb_wrapper\">\n\t\t\t<p>D\u0259y\u0259rl\u0259rimiz, D\u00fcr\u00fcstl\u00fck, S\u0259m\u0259r\u0259lilik v\u0259 t\u0259\u015f\u0259bb\u00fcskarl\u0131q, Pe\u015f\u0259karl\u0131q v\u0259 yarad\u0131c\u0131l\u0131q, \u0130nam v\u0259 m\u0259suliyy\u0259tlilik;<\/p>\n\n\t\t<\/div>\n\t<\/div>\n\n\t<div class=\"wpb_text_column wpb_content_element\" >\n\t\t<div class=\"wpb_wrapper\">\n\t\t\t<p>M\u018fMM\u018fDO\u011eULLARI \u015firk\u0259tini dig\u0259r \u015firk\u0259tl\u0259rd\u0259n f\u0259rql\u0259ndirici x\u00fcsusiyy\u0259tl\u0259ri:<br \/>\nT\u0259r\u0259fda\u015flar\u0131m\u0131z\u0131n qay\u011f\u0131s\u0131na qalan \u015firk\u0259t;<br \/>\nM\u0259hsullar\u0131m\u0131z\u0131 istehsal ed\u0259rk\u0259n istehlak\u00e7\u0131ya t\u0259qdim etm\u0259k ist\u0259diyimiz yaln\u0131z mebel deyil. Mebell\u0259 birlikd\u0259 biz onlara Funksionall\u0131q, Rahatl\u0131q v\u0259 G\u00f6z\u0259llik t\u0259qdim edirik.<\/p>\n\n\t\t<\/div>\n\t<\/div>\n<\/div><\/div><\/div><\/div><div class=\"vc_row wpb_row vc_inner vc_row-fluid vc_custom_1746211215638 vc_row-has-fill vc_column-gap-80 vc_row-o-content-middle vc_row-flex\"><div class=\"wpb_column vc_column_container vc_col-sm-6 vc_col-lg-5 vc_col-md-6\"><div class=\"vc_column-inner\"><div class=\"wpb_wrapper\"><h2 style=\"text-align: left\" class=\"vc_custom_heading vc_custom_1746210449002\" >F\u0259aliyy\u0259timiz<\/h2>\n\t<div class=\"wpb_text_column wpb_content_element  vc_custom_1746210506313\" >\n\t\t<div class=\"wpb_wrapper\">\n\t\t\t<h4>Bu d\u0259y\u0259rl\u0259r f\u0259aliyy\u0259timizin v\u0259 t\u0259qdim etdiyimiz keyfiyy\u0259tin t\u0259m\u0259l prinsipl\u0259ridir.<\/h4>\n\n\t\t<\/div>\n\t<\/div>\n\n\t<div class=\"wpb_text_column wpb_content_element  vc_custom_1746210541224\" >\n\t\t<div class=\"wpb_wrapper\">\n\t\t\t<p>\u0130stehsal\u0131n b\u00fct\u00fcn m\u0259rh\u0259l\u0259l\u0259ri bu d\u0259y\u0259rl\u0259r \u0259sas\u0131nda qurulmu\u015fdur.<br \/>\nFunksionall\u0131q, Rahatl\u0131q v\u0259 Erqonomiklik<br \/>\nDizayner v\u0259 konstruktorlardan ibar\u0259t bu komanda \u015firk\u0259t\u0259 mebel modell\u0259rinin layih\u0259l\u0259ndirilm\u0259sind\u0259 v\u0259 modelin istehsala t\u0259qdimi prosesind\u0259 i\u015ftirak edir.<\/p>\n\n\t\t<\/div>\n\t<\/div>\n\n\t<div class=\"wpb_text_column wpb_content_element\" >\n\t\t<div class=\"wpb_wrapper\">\n\t\t\t<p>Mebel istehsal prosesinin h\u0259r bir m\u0259rh\u0259l\u0259sind\u0259, xammal al\u0131\u015f\u0131ndan ba\u015flayaraq m\u0259hsullar\u0131n paketl\u0259nm\u0259sin\u0259 q\u0259d\u0259r b\u00fct\u00fcn prosesl\u0259r ciddi keyfiyy\u0259t n\u0259zar\u0259tind\u0259n ke\u00e7ir.<br \/>\nSizin \u00fc\u00e7\u00fcn istehsal edirik. Sizin xidm\u0259tinizd\u0259yik!<\/p>\n\n\t\t<\/div>\n\t<\/div>\n<\/div><\/div><\/div><div class=\"wpb_column vc_column_container vc_col-sm-6\"><div class=\"vc_column-inner vc_custom_1746209752018\"><div class=\"wpb_wrapper\">\n\t<div  class=\"wpb_single_image wpb_content_element vc_align_center\">\n\t\t\n\t\t<figure class=\"wpb_wrapper vc_figure\">\n\t\t\t<div class=\"vc_single_image-wrapper   vc_box_border_grey\"><img loading=\"lazy\" decoding=\"async\" width=\"1500\" height=\"1000\" src=\"https:\/\/mammadogullari.com\/wp-content\/uploads\/2025\/05\/1736278617_new_preview_full_hUW2PTSg.webp\" class=\"vc_single_image-img attachment-full\" alt=\"\" title=\"1736278617_new_preview_full_hUW2PTSg\" srcset=\"https:\/\/mammadogullari.com\/wp-content\/uploads\/2025\/05\/1736278617_new_preview_full_hUW2PTSg.webp 1500w, https:\/\/mammadogullari.com\/wp-content\/uploads\/2025\/05\/1736278617_new_preview_full_hUW2PTSg-300x200.webp 300w, https:\/\/mammadogullari.com\/wp-content\/uploads\/2025\/05\/1736278617_new_preview_full_hUW2PTSg-1024x683.webp 1024w, https:\/\/mammadogullari.com\/wp-content\/uploads\/2025\/05\/1736278617_new_preview_full_hUW2PTSg-768x512.webp 768w, https:\/\/mammadogullari.com\/wp-content\/uploads\/2025\/05\/1736278617_new_preview_full_hUW2PTSg-18x12.webp 18w, https:\/\/mammadogullari.com\/wp-content\/uploads\/2025\/05\/1736278617_new_preview_full_hUW2PTSg-800x533.webp 800w\" sizes=\"auto, (max-width: 1500px) 100vw, 1500px\" \/><\/div>\n\t\t<\/figure>\n\t<\/div>\n<\/div><\/div><\/div><\/div><div class=\"vc_row wpb_row vc_inner vc_row-fluid vc_custom_1746211215638 vc_row-has-fill vc_column-gap-80 vc_row-o-content-middle vc_row-flex\"><div class=\"wpb_column vc_column_container vc_col-sm-6 vc_col-lg-5 vc_col-md-6\"><div class=\"vc_column-inner\"><div class=\"wpb_wrapper\">\n\t<div  class=\"wpb_single_image wpb_content_element vc_align_left\">\n\t\t\n\t\t<figure class=\"wpb_wrapper vc_figure\">\n\t\t\t<div class=\"vc_single_image-wrapper   vc_box_border_grey\"><img loading=\"lazy\" decoding=\"async\" class=\"vc_single_image-img\" src=\"https:\/\/mammadogullari.com\/wp-content\/uploads\/2025\/05\/pexels-shkrabaanthony-4981795-scaled-500x500.webp\" width=\"500\" height=\"500\" alt=\"\" title=\"\" \/><\/div>\n\t\t<\/figure>\n\t<\/div>\n<\/div><\/div><\/div><div class=\"wpb_column vc_column_container vc_col-sm-6\"><div class=\"vc_column-inner vc_custom_1746209752018\"><div class=\"wpb_wrapper\"><h2 style=\"text-align: left\" class=\"vc_custom_heading vc_custom_1746212239445\" >\u00c7atd\u0131r\u0131lma v\u0259 qura\u015fd\u0131r\u0131lma<\/h2>\n\t<div class=\"wpb_text_column wpb_content_element  vc_custom_1746212051550\" >\n\t\t<div class=\"wpb_wrapper\">\n\t\t\t<p>Mebelin \u00e7atd\u0131r\u0131lmas\u0131 v\u0259 qura\u015fd\u0131r\u0131lmas\u0131 x\u00fcsusi t\u0259lim ke\u00e7mi\u015f montaj qrupumuz t\u0259r\u0259find\u0259n operativ \u015f\u0259kild\u0259, pe\u015f\u0259kar s\u0259viyy\u0259d\u0259 v\u0259 \u0259n q\u0131sa m\u00fcdd\u0259td\u0259 fabrikimizd\u0259n, sifari\u015f\u00e7i t\u0259r\u0259find\u0259n g\u00f6st\u0259rilmi\u015f \u00fcnvana (ev v\u0259 dig\u0259r) da\u015f\u0131nmas\u0131, v\u0259 qura\u015fd\u0131r\u0131lmas\u0131 n\u0259zar\u0259td\u0259 tutulur. Mebelin \u00fcnvan\u0131na \u00e7atd\u0131r\u0131lmas\u0131 v\u0259 qura\u015fd\u0131r\u0131lmas\u0131 \u015firk\u0259timiz t\u0259r\u0259find\u0259n \u00f6d\u0259ni\u015fsiz h\u0259yata ke\u00e7irilir.<\/p>\n\n\t\t<\/div>\n\t<\/div>\n<h3 style=\"text-align: left\" class=\"vc_custom_heading vc_custom_1746437583479\" ><\/h3><\/div><\/div><\/div><\/div>\t<\/div>\n<\/div><\/div><div class=\"vc_row-full-width\"><\/div>","protected":false},"excerpt":{"rendered":"Haqq\u0131m\u0131zda M\u0259mm\u0259do\u011fullar\u0131 2003-c\u00fc ild\u0259n f\u0259aliyy\u0259t g\u00f6st\u0259r\u0259n M\u018fMM\u018fDO\u011eULLARI mebel fabriki bu g\u00fcn Az\u0259rbaycan mebel bazar\u0131nda \u00f6z s\u00f6z\u00fcn\u00fc u\u011furla demi\u015f \u015firk\u0259tl\u0259rd\u0259n biridir. Bu m\u00fcdd\u0259t \u0259rzind\u0259 \u015firk\u0259td\u0259 b\u00f6y\u00fck d\u0259yi\u015fiklikl\u0259r ba\u015f vermi\u015fdir. \u015eirk\u0259t m\u00fc\u015ft\u0259ri y\u00f6n\u00fcml\u00fc strategiyan\u0131 \u00f6z\u00fcn\u00fcn \u0259sas prinsipi olaraq se\u00e7mi\u015f v\u0259 bu istiqam\u0259td\u0259 \u0259sasl\u0131 i\u015fl\u0259r g\u00f6rm\u00fc\u015fd\u00fcr. M\u0259hsullar\u0131m\u0131z\u0131n \u00e7e\u015fid \u00e7oxlu\u011fu, dizayn xidm\u0259tl\u0259rimiz, keyfiyy\u0259t\u0259 n\u0259zar\u0259t, sat\u0131\u015fdan sonrak\u0131 xidm\u0259t, m\u00fc\u015ft\u0259ri y\u00f6n\u00fcml\u00fcl\u00fck [...]","protected":false},"author":1,"featured_media":0,"parent":0,"menu_order":0,"comment_status":"closed","ping_status":"closed","template":"","meta":{"footnotes":""},"class_list":["post-4182","page","type-page","status-publish","hentry"],"yoast_head":"<!-- This site is optimized with the Yoast SEO plugin v25.8 - https:\/\/yoast.com\/wordpress\/plugins\/seo\/ -->\n<title>HAQQIMIZDA - M\u018fMM\u018fDO\u011eULLARI MEBEL<\/title>\n<meta name=\"robots\" content=\"index, follow, max-snippet:-1, max-image-preview:large, max-video-preview:-1\" \/>\n<link rel=\"canonical\" href=\"https:\/\/mammadogullari.com\/ru\/haqqimizda\/\" \/>\n<meta property=\"og:locale\" content=\"ru_RU\" \/>\n<meta property=\"og:type\" content=\"article\" \/>\n<meta property=\"og:title\" content=\"HAQQIMIZDA - M\u018fMM\u018fDO\u011eULLARI MEBEL\" \/>\n<meta property=\"og:url\" content=\"https:\/\/mammadogullari.com\/ru\/haqqimizda\/\" \/>\n<meta property=\"og:site_name\" content=\"M\u018fMM\u018fDO\u011eULLARI MEBEL\" \/>\n<meta property=\"article:publisher\" content=\"https:\/\/www.facebook.com\/profile.php?id=61575295276684\" \/>\n<meta property=\"article:modified_time\" content=\"2025-06-16T15:07:35+00:00\" \/>\n<meta name=\"twitter:card\" content=\"summary_large_image\" \/>\n<meta name=\"twitter:label1\" content=\"\u041f\u0440\u0438\u043c\u0435\u0440\u043d\u043e\u0435 \u0432\u0440\u0435\u043c\u044f \u0434\u043b\u044f \u0447\u0442\u0435\u043d\u0438\u044f\" \/>\n\t<meta name=\"twitter:data1\" content=\"3 \u043c\u0438\u043d\u0443\u0442\u044b\" \/>\n<script type=\"application\/ld+json\" class=\"yoast-schema-graph\">{\"@context\":\"https:\/\/schema.org\",\"@graph\":[{\"@type\":\"WebPage\",\"@id\":\"https:\/\/mammadogullari.com\/haqqimizda\/\",\"url\":\"https:\/\/mammadogullari.com\/haqqimizda\/\",\"name\":\"HAQQIMIZDA - M\u018fMM\u018fDO\u011eULLARI MEBEL\",\"isPartOf\":{\"@id\":\"https:\/\/mammadogullari.com\/#website\"},\"datePublished\":\"2015-06-20T16:11:19+00:00\",\"dateModified\":\"2025-06-16T15:07:35+00:00\",\"breadcrumb\":{\"@id\":\"https:\/\/mammadogullari.com\/haqqimizda\/#breadcrumb\"},\"inLanguage\":\"ru-RU\",\"potentialAction\":[{\"@type\":\"ReadAction\",\"target\":[\"https:\/\/mammadogullari.com\/haqqimizda\/\"]}]},{\"@type\":\"BreadcrumbList\",\"@id\":\"https:\/\/mammadogullari.com\/haqqimizda\/#breadcrumb\",\"itemListElement\":[{\"@type\":\"ListItem\",\"position\":1,\"name\":\"Home\",\"item\":\"https:\/\/mammadogullari.com\/\"},{\"@type\":\"ListItem\",\"position\":2,\"name\":\"HAQQIMIZDA\"}]},{\"@type\":\"WebSite\",\"@id\":\"https:\/\/mammadogullari.com\/#website\",\"url\":\"https:\/\/mammadogullari.com\/\",\"name\":\"M\u0259mm\u0259do\u011fullar\u0131 Mebel\",\"description\":\"\",\"publisher\":{\"@id\":\"https:\/\/mammadogullari.com\/#organization\"},\"potentialAction\":[{\"@type\":\"SearchAction\",\"target\":{\"@type\":\"EntryPoint\",\"urlTemplate\":\"https:\/\/mammadogullari.com\/?s={search_term_string}\"},\"query-input\":{\"@type\":\"PropertyValueSpecification\",\"valueRequired\":true,\"valueName\":\"search_term_string\"}}],\"inLanguage\":\"ru-RU\"},{\"@type\":\"Organization\",\"@id\":\"https:\/\/mammadogullari.com\/#organization\",\"name\":\"M\u0259mm\u0259do\u011fullar\u0131 Mebel\",\"url\":\"https:\/\/mammadogullari.com\/\",\"logo\":{\"@type\":\"ImageObject\",\"inLanguage\":\"ru-RU\",\"@id\":\"https:\/\/mammadogullari.com\/#\/schema\/logo\/image\/\",\"url\":\"https:\/\/mammadogullari.com\/wp-content\/uploads\/2025\/04\/Memmedogullari-Logo-01-e1744276156707.webp\",\"contentUrl\":\"https:\/\/mammadogullari.com\/wp-content\/uploads\/2025\/04\/Memmedogullari-Logo-01-e1744276156707.webp\",\"width\":294,\"height\":61,\"caption\":\"M\u0259mm\u0259do\u011fullar\u0131 Mebel\"},\"image\":{\"@id\":\"https:\/\/mammadogullari.com\/#\/schema\/logo\/image\/\"},\"sameAs\":[\"https:\/\/www.facebook.com\/profile.php?id=61575295276684\",\"https:\/\/www.instagram.com\/mammadogullari\",\"https:\/\/www.youtube.com\/@Mmmdoullar\",\"https:\/\/www.linkedin.com\/company\/mammadogullari\/\"]}]}<\/script>\n<!-- \/ Yoast SEO plugin. -->","yoast_head_json":{"title":"HAQQIMIZDA - M\u018fMM\u018fDO\u011eULLARI MEBEL","robots":{"index":"index","follow":"follow","max-snippet":"max-snippet:-1","max-image-preview":"max-image-preview:large","max-video-preview":"max-video-preview:-1"},"canonical":"https:\/\/mammadogullari.com\/ru\/haqqimizda\/","og_locale":"ru_RU","og_type":"article","og_title":"HAQQIMIZDA - M\u018fMM\u018fDO\u011eULLARI MEBEL","og_url":"https:\/\/mammadogullari.com\/ru\/haqqimizda\/","og_site_name":"M\u018fMM\u018fDO\u011eULLARI MEBEL","article_publisher":"https:\/\/www.facebook.com\/profile.php?id=61575295276684","article_modified_time":"2025-06-16T15:07:35+00:00","twitter_card":"summary_large_image","twitter_misc":{"\u041f\u0440\u0438\u043c\u0435\u0440\u043d\u043e\u0435 \u0432\u0440\u0435\u043c\u044f \u0434\u043b\u044f \u0447\u0442\u0435\u043d\u0438\u044f":"3 \u043c\u0438\u043d\u0443\u0442\u044b"},"schema":{"@context":"https:\/\/schema.org","@graph":[{"@type":"WebPage","@id":"https:\/\/mammadogullari.com\/haqqimizda\/","url":"https:\/\/mammadogullari.com\/haqqimizda\/","name":"HAQQIMIZDA - M\u018fMM\u018fDO\u011eULLARI MEBEL","isPartOf":{"@id":"https:\/\/mammadogullari.com\/#website"},"datePublished":"2015-06-20T16:11:19+00:00","dateModified":"2025-06-16T15:07:35+00:00","breadcrumb":{"@id":"https:\/\/mammadogullari.com\/haqqimizda\/#breadcrumb"},"inLanguage":"ru-RU","potentialAction":[{"@type":"ReadAction","target":["https:\/\/mammadogullari.com\/haqqimizda\/"]}]},{"@type":"BreadcrumbList","@id":"https:\/\/mammadogullari.com\/haqqimizda\/#breadcrumb","itemListElement":[{"@type":"ListItem","position":1,"name":"Home","item":"https:\/\/mammadogullari.com\/"},{"@type":"ListItem","position":2,"name":"HAQQIMIZDA"}]},{"@type":"WebSite","@id":"https:\/\/mammadogullari.com\/#website","url":"https:\/\/mammadogullari.com\/","name":"M\u0259mm\u0259do\u011fullar\u0131 Mebel","description":"","publisher":{"@id":"https:\/\/mammadogullari.com\/#organization"},"potentialAction":[{"@type":"SearchAction","target":{"@type":"EntryPoint","urlTemplate":"https:\/\/mammadogullari.com\/?s={search_term_string}"},"query-input":{"@type":"PropertyValueSpecification","valueRequired":true,"valueName":"search_term_string"}}],"inLanguage":"ru-RU"},{"@type":"Organization","@id":"https:\/\/mammadogullari.com\/#organization","name":"M\u0259mm\u0259do\u011fullar\u0131 Mebel","url":"https:\/\/mammadogullari.com\/","logo":{"@type":"ImageObject","inLanguage":"ru-RU","@id":"https:\/\/mammadogullari.com\/#\/schema\/logo\/image\/","url":"https:\/\/mammadogullari.com\/wp-content\/uploads\/2025\/04\/Memmedogullari-Logo-01-e1744276156707.webp","contentUrl":"https:\/\/mammadogullari.com\/wp-content\/uploads\/2025\/04\/Memmedogullari-Logo-01-e1744276156707.webp","width":294,"height":61,"caption":"M\u0259mm\u0259do\u011fullar\u0131 Mebel"},"image":{"@id":"https:\/\/mammadogullari.com\/#\/schema\/logo\/image\/"},"sameAs":["https:\/\/www.facebook.com\/profile.php?id=61575295276684","https:\/\/www.instagram.com\/mammadogullari","https:\/\/www.youtube.com\/@Mmmdoullar","https:\/\/www.linkedin.com\/company\/mammadogullari\/"]}]}},"_links":{"self":[{"href":"https:\/\/mammadogullari.com\/ru\/wp-json\/wp\/v2\/pages\/4182","targetHints":{"allow":["GET"]}}],"collection":[{"href":"https:\/\/mammadogullari.com\/ru\/wp-json\/wp\/v2\/pages"}],"about":[{"href":"https:\/\/mammadogullari.com\/ru\/wp-json\/wp\/v2\/types\/page"}],"author":[{"embeddable":true,"href":"https:\/\/mammadogullari.com\/ru\/wp-json\/wp\/v2\/users\/1"}],"replies":[{"embeddable":true,"href":"https:\/\/mammadogullari.com\/ru\/wp-json\/wp\/v2\/comments?post=4182"}],"version-history":[{"count":28,"href":"https:\/\/mammadogullari.com\/ru\/wp-json\/wp\/v2\/pages\/4182\/revisions"}],"predecessor-version":[{"id":18564,"href":"https:\/\/mammadogullari.com\/ru\/wp-json\/wp\/v2\/pages\/4182\/revisions\/18564"}],"wp:attachment":[{"href":"https:\/\/mammadogullari.com\/ru\/wp-json\/wp\/v2\/media?parent=4182"}],"curies":[{"name":"wp","href":"https:\/\/api.w.org\/{rel}","templated":true}]}}