{"id":18450,"date":"2025-05-30T23:15:08","date_gmt":"2025-05-30T19:15:08","guid":{"rendered":"https:\/\/mammadogullari.com\/?post_type=product&#038;p=18450"},"modified":"2025-05-30T23:15:09","modified_gmt":"2025-05-30T19:15:09","slug":"silah-dolabi","status":"publish","type":"product","link":"https:\/\/mammadogullari.com\/en\/mehsullar\/silah-dolabi\/","title":{"rendered":"Silah dolab\u0131"},"content":{"rendered":"","protected":false},"excerpt":{"rendered":"<dl class=\"features-list\">\n<dt><strong>\u00d6l\u00e7\u00fcl\u0259r: <\/strong><span class=\"\"><span>1050*534(344)*1960<\/span><\/span><span>\u00a0mm<\/span><\/dt>\n<\/dl>\n<p>M\u0259hsulun r\u0259ngi v\u0259 \u00f6l\u00e7\u00fcl\u0259ri m\u00fc\u015ft\u0259rinin ist\u0259yin\u0259 uy\u011fun olaraq t\u0259yin edil\u0259 bil\u0259r.<\/p>","protected":false},"featured_media":18452,"template":"","meta":[],"product_brand":[],"product_cat":[123],"product_tag":[],"class_list":{"0":"post-18450","1":"product","2":"type-product","3":"status-publish","4":"has-post-thumbnail","6":"product_cat-dolablar","8":"first","9":"instock","10":"shipping-taxable","11":"product-type-simple"},"yoast_head":"<!-- This site is optimized with the Yoast SEO plugin v25.8 - https:\/\/yoast.com\/wordpress\/plugins\/seo\/ -->\n<title>Silah dolab\u0131 - M\u018fMM\u018fDO\u011eULLARI MEBEL<\/title>\n<meta name=\"robots\" content=\"index, follow, max-snippet:-1, max-image-preview:large, max-video-preview:-1\" \/>\n<link rel=\"canonical\" href=\"https:\/\/mammadogullari.com\/en\/mehsullar\/silah-dolabi\/\" \/>\n<meta property=\"og:locale\" content=\"en_US\" \/>\n<meta property=\"og:type\" content=\"article\" \/>\n<meta property=\"og:title\" content=\"Silah dolab\u0131 - M\u018fMM\u018fDO\u011eULLARI MEBEL\" \/>\n<meta property=\"og:description\" content=\"\u00d6l\u00e7\u00fcl\u0259r: 1050*534(344)*1960\u00a0mm  M\u0259hsulun r\u0259ngi v\u0259 \u00f6l\u00e7\u00fcl\u0259ri m\u00fc\u015ft\u0259rinin ist\u0259yin\u0259 uy\u011fun olaraq t\u0259yin edil\u0259 bil\u0259r.\" \/>\n<meta property=\"og:url\" content=\"https:\/\/mammadogullari.com\/en\/mehsullar\/silah-dolabi\/\" \/>\n<meta property=\"og:site_name\" content=\"M\u018fMM\u018fDO\u011eULLARI MEBEL\" \/>\n<meta property=\"article:publisher\" content=\"https:\/\/www.facebook.com\/profile.php?id=61575295276684\" \/>\n<meta property=\"article:modified_time\" content=\"2025-05-30T19:15:09+00:00\" \/>\n<meta property=\"og:image\" content=\"https:\/\/mammadogullari.com\/wp-content\/uploads\/2025\/05\/chatgpt-image-29-may-2025-17-35-51-683a0352e49fe.webp\" \/>\n\t<meta property=\"og:image:width\" content=\"1024\" \/>\n\t<meta property=\"og:image:height\" content=\"1536\" \/>\n\t<meta property=\"og:image:type\" content=\"image\/webp\" \/>\n<meta name=\"twitter:card\" content=\"summary_large_image\" \/>\n<script type=\"application\/ld+json\" class=\"yoast-schema-graph\">{\"@context\":\"https:\/\/schema.org\",\"@graph\":[{\"@type\":\"WebPage\",\"@id\":\"https:\/\/mammadogullari.com\/mehsullar\/silah-dolabi\/\",\"url\":\"https:\/\/mammadogullari.com\/mehsullar\/silah-dolabi\/\",\"name\":\"Silah dolab\u0131 - M\u018fMM\u018fDO\u011eULLARI MEBEL\",\"isPartOf\":{\"@id\":\"https:\/\/mammadogullari.com\/#website\"},\"primaryImageOfPage\":{\"@id\":\"https:\/\/mammadogullari.com\/mehsullar\/silah-dolabi\/#primaryimage\"},\"image\":{\"@id\":\"https:\/\/mammadogullari.com\/mehsullar\/silah-dolabi\/#primaryimage\"},\"thumbnailUrl\":\"https:\/\/mammadogullari.com\/wp-content\/uploads\/2025\/05\/chatgpt-image-29-may-2025-17-35-51-683a0352e49fe.webp\",\"datePublished\":\"2025-05-30T19:15:08+00:00\",\"dateModified\":\"2025-05-30T19:15:09+00:00\",\"breadcrumb\":{\"@id\":\"https:\/\/mammadogullari.com\/mehsullar\/silah-dolabi\/#breadcrumb\"},\"inLanguage\":\"en-US\",\"potentialAction\":[{\"@type\":\"ReadAction\",\"target\":[\"https:\/\/mammadogullari.com\/mehsullar\/silah-dolabi\/\"]}]},{\"@type\":\"ImageObject\",\"inLanguage\":\"en-US\",\"@id\":\"https:\/\/mammadogullari.com\/mehsullar\/silah-dolabi\/#primaryimage\",\"url\":\"https:\/\/mammadogullari.com\/wp-content\/uploads\/2025\/05\/chatgpt-image-29-may-2025-17-35-51-683a0352e49fe.webp\",\"contentUrl\":\"https:\/\/mammadogullari.com\/wp-content\/uploads\/2025\/05\/chatgpt-image-29-may-2025-17-35-51-683a0352e49fe.webp\",\"width\":1024,\"height\":1536},{\"@type\":\"BreadcrumbList\",\"@id\":\"https:\/\/mammadogullari.com\/mehsullar\/silah-dolabi\/#breadcrumb\",\"itemListElement\":[{\"@type\":\"ListItem\",\"position\":1,\"name\":\"Home\",\"item\":\"https:\/\/mammadogullari.com\/\"},{\"@type\":\"ListItem\",\"position\":2,\"name\":\"M\u0259hsullar\",\"item\":\"https:\/\/mammadogullari.com\/mahsullar\/\"},{\"@type\":\"ListItem\",\"position\":3,\"name\":\"Silah dolab\u0131\"}]},{\"@type\":\"WebSite\",\"@id\":\"https:\/\/mammadogullari.com\/#website\",\"url\":\"https:\/\/mammadogullari.com\/\",\"name\":\"M\u0259mm\u0259do\u011fullar\u0131 Mebel\",\"description\":\"\",\"publisher\":{\"@id\":\"https:\/\/mammadogullari.com\/#organization\"},\"potentialAction\":[{\"@type\":\"SearchAction\",\"target\":{\"@type\":\"EntryPoint\",\"urlTemplate\":\"https:\/\/mammadogullari.com\/?s={search_term_string}\"},\"query-input\":{\"@type\":\"PropertyValueSpecification\",\"valueRequired\":true,\"valueName\":\"search_term_string\"}}],\"inLanguage\":\"en-US\"},{\"@type\":\"Organization\",\"@id\":\"https:\/\/mammadogullari.com\/#organization\",\"name\":\"M\u0259mm\u0259do\u011fullar\u0131 Mebel\",\"url\":\"https:\/\/mammadogullari.com\/\",\"logo\":{\"@type\":\"ImageObject\",\"inLanguage\":\"en-US\",\"@id\":\"https:\/\/mammadogullari.com\/#\/schema\/logo\/image\/\",\"url\":\"https:\/\/mammadogullari.com\/wp-content\/uploads\/2025\/04\/Memmedogullari-Logo-01-e1744276156707.webp\",\"contentUrl\":\"https:\/\/mammadogullari.com\/wp-content\/uploads\/2025\/04\/Memmedogullari-Logo-01-e1744276156707.webp\",\"width\":294,\"height\":61,\"caption\":\"M\u0259mm\u0259do\u011fullar\u0131 Mebel\"},\"image\":{\"@id\":\"https:\/\/mammadogullari.com\/#\/schema\/logo\/image\/\"},\"sameAs\":[\"https:\/\/www.facebook.com\/profile.php?id=61575295276684\",\"https:\/\/www.instagram.com\/mammadogullari\",\"https:\/\/www.youtube.com\/@Mmmdoullar\",\"https:\/\/www.linkedin.com\/company\/mammadogullari\/\"]}]}<\/script>\n<!-- \/ Yoast SEO plugin. -->","yoast_head_json":{"title":"Silah dolab\u0131 - M\u018fMM\u018fDO\u011eULLARI MEBEL","robots":{"index":"index","follow":"follow","max-snippet":"max-snippet:-1","max-image-preview":"max-image-preview:large","max-video-preview":"max-video-preview:-1"},"canonical":"https:\/\/mammadogullari.com\/en\/mehsullar\/silah-dolabi\/","og_locale":"en_US","og_type":"article","og_title":"Silah dolab\u0131 - M\u018fMM\u018fDO\u011eULLARI MEBEL","og_description":"\u00d6l\u00e7\u00fcl\u0259r: 1050*534(344)*1960\u00a0mm  M\u0259hsulun r\u0259ngi v\u0259 \u00f6l\u00e7\u00fcl\u0259ri m\u00fc\u015ft\u0259rinin ist\u0259yin\u0259 uy\u011fun olaraq t\u0259yin edil\u0259 bil\u0259r.","og_url":"https:\/\/mammadogullari.com\/en\/mehsullar\/silah-dolabi\/","og_site_name":"M\u018fMM\u018fDO\u011eULLARI MEBEL","article_publisher":"https:\/\/www.facebook.com\/profile.php?id=61575295276684","article_modified_time":"2025-05-30T19:15:09+00:00","og_image":[{"width":1024,"height":1536,"url":"https:\/\/mammadogullari.com\/wp-content\/uploads\/2025\/05\/chatgpt-image-29-may-2025-17-35-51-683a0352e49fe.webp","type":"image\/webp"}],"twitter_card":"summary_large_image","schema":{"@context":"https:\/\/schema.org","@graph":[{"@type":"WebPage","@id":"https:\/\/mammadogullari.com\/mehsullar\/silah-dolabi\/","url":"https:\/\/mammadogullari.com\/mehsullar\/silah-dolabi\/","name":"Silah dolab\u0131 - M\u018fMM\u018fDO\u011eULLARI MEBEL","isPartOf":{"@id":"https:\/\/mammadogullari.com\/#website"},"primaryImageOfPage":{"@id":"https:\/\/mammadogullari.com\/mehsullar\/silah-dolabi\/#primaryimage"},"image":{"@id":"https:\/\/mammadogullari.com\/mehsullar\/silah-dolabi\/#primaryimage"},"thumbnailUrl":"https:\/\/mammadogullari.com\/wp-content\/uploads\/2025\/05\/chatgpt-image-29-may-2025-17-35-51-683a0352e49fe.webp","datePublished":"2025-05-30T19:15:08+00:00","dateModified":"2025-05-30T19:15:09+00:00","breadcrumb":{"@id":"https:\/\/mammadogullari.com\/mehsullar\/silah-dolabi\/#breadcrumb"},"inLanguage":"en-US","potentialAction":[{"@type":"ReadAction","target":["https:\/\/mammadogullari.com\/mehsullar\/silah-dolabi\/"]}]},{"@type":"ImageObject","inLanguage":"en-US","@id":"https:\/\/mammadogullari.com\/mehsullar\/silah-dolabi\/#primaryimage","url":"https:\/\/mammadogullari.com\/wp-content\/uploads\/2025\/05\/chatgpt-image-29-may-2025-17-35-51-683a0352e49fe.webp","contentUrl":"https:\/\/mammadogullari.com\/wp-content\/uploads\/2025\/05\/chatgpt-image-29-may-2025-17-35-51-683a0352e49fe.webp","width":1024,"height":1536},{"@type":"BreadcrumbList","@id":"https:\/\/mammadogullari.com\/mehsullar\/silah-dolabi\/#breadcrumb","itemListElement":[{"@type":"ListItem","position":1,"name":"Home","item":"https:\/\/mammadogullari.com\/"},{"@type":"ListItem","position":2,"name":"M\u0259hsullar","item":"https:\/\/mammadogullari.com\/mahsullar\/"},{"@type":"ListItem","position":3,"name":"Silah dolab\u0131"}]},{"@type":"WebSite","@id":"https:\/\/mammadogullari.com\/#website","url":"https:\/\/mammadogullari.com\/","name":"M\u0259mm\u0259do\u011fullar\u0131 Mebel","description":"","publisher":{"@id":"https:\/\/mammadogullari.com\/#organization"},"potentialAction":[{"@type":"SearchAction","target":{"@type":"EntryPoint","urlTemplate":"https:\/\/mammadogullari.com\/?s={search_term_string}"},"query-input":{"@type":"PropertyValueSpecification","valueRequired":true,"valueName":"search_term_string"}}],"inLanguage":"en-US"},{"@type":"Organization","@id":"https:\/\/mammadogullari.com\/#organization","name":"M\u0259mm\u0259do\u011fullar\u0131 Mebel","url":"https:\/\/mammadogullari.com\/","logo":{"@type":"ImageObject","inLanguage":"en-US","@id":"https:\/\/mammadogullari.com\/#\/schema\/logo\/image\/","url":"https:\/\/mammadogullari.com\/wp-content\/uploads\/2025\/04\/Memmedogullari-Logo-01-e1744276156707.webp","contentUrl":"https:\/\/mammadogullari.com\/wp-content\/uploads\/2025\/04\/Memmedogullari-Logo-01-e1744276156707.webp","width":294,"height":61,"caption":"M\u0259mm\u0259do\u011fullar\u0131 Mebel"},"image":{"@id":"https:\/\/mammadogullari.com\/#\/schema\/logo\/image\/"},"sameAs":["https:\/\/www.facebook.com\/profile.php?id=61575295276684","https:\/\/www.instagram.com\/mammadogullari","https:\/\/www.youtube.com\/@Mmmdoullar","https:\/\/www.linkedin.com\/company\/mammadogullari\/"]}]}},"_links":{"self":[{"href":"https:\/\/mammadogullari.com\/en\/wp-json\/wp\/v2\/product\/18450","targetHints":{"allow":["GET"]}}],"collection":[{"href":"https:\/\/mammadogullari.com\/en\/wp-json\/wp\/v2\/product"}],"about":[{"href":"https:\/\/mammadogullari.com\/en\/wp-json\/wp\/v2\/types\/product"}],"wp:featuredmedia":[{"embeddable":true,"href":"https:\/\/mammadogullari.com\/en\/wp-json\/wp\/v2\/media\/18452"}],"wp:attachment":[{"href":"https:\/\/mammadogullari.com\/en\/wp-json\/wp\/v2\/media?parent=18450"}],"wp:term":[{"taxonomy":"product_brand","embeddable":true,"href":"https:\/\/mammadogullari.com\/en\/wp-json\/wp\/v2\/product_brand?post=18450"},{"taxonomy":"product_cat","embeddable":true,"href":"https:\/\/mammadogullari.com\/en\/wp-json\/wp\/v2\/product_cat?post=18450"},{"taxonomy":"product_tag","embeddable":true,"href":"https:\/\/mammadogullari.com\/en\/wp-json\/wp\/v2\/product_tag?post=18450"}],"curies":[{"name":"wp","href":"https:\/\/api.w.org\/{rel}","templated":true}]}}