{"id":313,"date":"2014-11-01T04:12:38","date_gmt":"2014-11-01T04:12:38","guid":{"rendered":"https:\/\/inetractive.online\/?page_id=313"},"modified":"2025-06-24T01:07:15","modified_gmt":"2025-06-23T21:07:15","slug":"layiheler","status":"publish","type":"page","link":"https:\/\/mammadogullari.com\/en\/layiheler\/","title":{"rendered":"Projects"},"content":{"rendered":"<div  class=\"vc_row wpb_row vc_row-fluid vc_custom_1581330901151 vc_column-gap-default ts-row-wide\"  ><div class=\"wpb_column vc_column_container vc_col-sm-12\">\n\t<div class=\"wpb_wrapper\">\n\t\t\t\t<div class=\"ts-portfolio-wrapper ts-shortcode loading  ts-masonry columns-2 nav-middle\" data-atts=\"{&quot;columns&quot;:2,&quot;per_page&quot;:&quot;8&quot;,&quot;categories&quot;:&quot;&quot;,&quot;orderby&quot;:&quot;date&quot;,&quot;order&quot;:&quot;DESC&quot;,&quot;show_filter_bar&quot;:&quot;0&quot;,&quot;show_title&quot;:&quot;1&quot;,&quot;show_categories&quot;:&quot;1&quot;,&quot;show_like_icon&quot;:&quot;0&quot;,&quot;show_link_icon&quot;:&quot;0&quot;,&quot;margin&quot;:0,&quot;is_slider&quot;:&quot;0&quot;,&quot;show_nav&quot;:&quot;1&quot;,&quot;auto_play&quot;:&quot;1&quot;}\">\n\t\t\t\n\t\t\t\t\t\t\n\t\t\t\t\t\t\t<div class=\"portfolio-inner items\">\n\t\t\t\t\t\t\t\t<div class=\"item m%c9%99kt%c9%99b\">\n\t\t\t\t\t<div class=\"item-wrapper\">\n\t\t\t\t\t\t<div class=\"portfolio-thumbnail\">\n\t\t\t\t\t\t\t<figure>\t\t\t\t\t\t\t\t\n\t\t\t\t\t\t\t\t<img loading=\"lazy\" decoding=\"async\" width=\"600\" height=\"380\" src=\"https:\/\/mammadogullari.com\/wp-content\/uploads\/2025\/07\/470242229-122203323950071552-3971588224736716476-n-686629a7739a6-600x380.webp\" class=\"attachment-ts_portfolio_thumb size-ts_portfolio_thumb wp-post-image\" alt=\"\" srcset=\"https:\/\/mammadogullari.com\/wp-content\/uploads\/2025\/07\/470242229-122203323950071552-3971588224736716476-n-686629a7739a6-600x380.webp 600w, https:\/\/mammadogullari.com\/wp-content\/uploads\/2025\/07\/470242229-122203323950071552-3971588224736716476-n-686629a7739a6-18x12.webp 18w\" sizes=\"auto, (max-width: 600px) 100vw, 600px\" \/>\t\t\t\t\t\t\t\t\n\t\t\t\t\t\t\t\t<figcaption>\n\t\t\t\t\t\t\t\t\t<div class=\"portfolio-meta\">\n\t\t\t\t\t\t\t\t\t\n\t\t\t\t\t\t\t\t\t\t\t\t\t\t\t\t\t\t\t\t\t<h4 class=\"heading-title semibold\"><a href=\"https:\/\/mammadogullari.com\/en\/portfolio\/baki-s%c9%99h%c9%99ri-n%c9%99rimanov-rayonu-212-sayli-m%c9%99kt%c9%99b\/\">Bak\u0131 \u015f\u0259h\u0259ri N\u0259rimanov rayonu 212 sayl\u0131 m\u0259kt\u0259b<\/a><\/h4>\n\t\t\t\t\t\t\t\t\t\t\t\t\t\t\t\t\t\t\t\t\n\t\t\t\t\t\t\t\t\t\t<div class=\"portfolio-meta-bottom\">\n\t\t\t\t\t\t\t\t\t\t\t\t\t\t\t\t\t\t\t\t\t\t\t\t\t\t\t\t\t\t\t\t\t\t<div class=\"cats-portfolio\">\n\t\t\t\t\t\t\t\t\t\t\t\t\tin <a href=\"https:\/\/mammadogullari.com\/en\/ts_portfolio_cat\/m%c9%99kt%c9%99b\/\" rel=\"tag\">M\u0259kt\u0259b<\/a>\t\t\t\t\t\t\t\t\t\t\t\t<\/div>\n\t\t\t\t\t\t\t\t\t\t\t\t\t\t\t\t\t\t\t\t\t\t\n\t\t\t\t\t\t\t\t\t\t\t<div class=\"icon-group\">\n\t\t\t\t\t\t\t\t\t\t\t\t\t\t\t\t\t\t\t\t\t\t\t<\/div>\n\t\t\t\t\t\t\t\t\t\t\n\t\t\t\t\t\t\t\t\t\t<\/div>\n\t\t\t\t\t\t\t\t\t<\/div>\n\t\t\t\t\t\t\t\t\t<a href=\"https:\/\/mammadogullari.com\/en\/portfolio\/baki-s%c9%99h%c9%99ri-n%c9%99rimanov-rayonu-212-sayli-m%c9%99kt%c9%99b\/\"><\/a>\n\t\t\t\t\t\t\t\t<\/figcaption>\n\t\t\t\t\t\t\t<\/figure>\n\t\t\t\t\t\t<\/div>\n\t\t\t\t\t<\/div>\n\t\t\t\t<\/div>\n\t\t\t\t\t\t\t<div class=\"item m%c9%99kt%c9%99b\">\n\t\t\t\t\t<div class=\"item-wrapper\">\n\t\t\t\t\t\t<div class=\"portfolio-thumbnail\">\n\t\t\t\t\t\t\t<figure>\t\t\t\t\t\t\t\t\n\t\t\t\t\t\t\t\t<img loading=\"lazy\" decoding=\"async\" width=\"600\" height=\"380\" src=\"https:\/\/mammadogullari.com\/wp-content\/uploads\/2025\/06\/wbifv3ubu-015-685d4e28a87c0-600x380.webp\" class=\"attachment-ts_portfolio_thumb size-ts_portfolio_thumb wp-post-image\" alt=\"\" srcset=\"https:\/\/mammadogullari.com\/wp-content\/uploads\/2025\/06\/wbifv3ubu-015-685d4e28a87c0-600x380.webp 600w, https:\/\/mammadogullari.com\/wp-content\/uploads\/2025\/06\/wbifv3ubu-015-685d4e28a87c0-18x12.webp 18w\" sizes=\"auto, (max-width: 600px) 100vw, 600px\" \/>\t\t\t\t\t\t\t\t\n\t\t\t\t\t\t\t\t<figcaption>\n\t\t\t\t\t\t\t\t\t<div class=\"portfolio-meta\">\n\t\t\t\t\t\t\t\t\t\n\t\t\t\t\t\t\t\t\t\t\t\t\t\t\t\t\t\t\t\t\t<h4 class=\"heading-title semibold\"><a href=\"https:\/\/mammadogullari.com\/en\/portfolio\/baki-s%c9%99h%c9%99ri-suraxani-rayonu-101-nomr%c9%99li-m%c9%99kt%c9%99b\/\">Bak\u0131 \u015f\u0259h\u0259ri Suraxan\u0131 rayonu 101 n\u00f6mr\u0259li m\u0259kt\u0259b<\/a><\/h4>\n\t\t\t\t\t\t\t\t\t\t\t\t\t\t\t\t\t\t\t\t\n\t\t\t\t\t\t\t\t\t\t<div class=\"portfolio-meta-bottom\">\n\t\t\t\t\t\t\t\t\t\t\t\t\t\t\t\t\t\t\t\t\t\t\t\t\t\t\t\t\t\t\t\t\t\t<div class=\"cats-portfolio\">\n\t\t\t\t\t\t\t\t\t\t\t\t\tin <a href=\"https:\/\/mammadogullari.com\/en\/ts_portfolio_cat\/m%c9%99kt%c9%99b\/\" rel=\"tag\">M\u0259kt\u0259b<\/a>\t\t\t\t\t\t\t\t\t\t\t\t<\/div>\n\t\t\t\t\t\t\t\t\t\t\t\t\t\t\t\t\t\t\t\t\t\t\n\t\t\t\t\t\t\t\t\t\t\t<div class=\"icon-group\">\n\t\t\t\t\t\t\t\t\t\t\t\t\t\t\t\t\t\t\t\t\t\t\t<\/div>\n\t\t\t\t\t\t\t\t\t\t\n\t\t\t\t\t\t\t\t\t\t<\/div>\n\t\t\t\t\t\t\t\t\t<\/div>\n\t\t\t\t\t\t\t\t\t<a href=\"https:\/\/mammadogullari.com\/en\/portfolio\/baki-s%c9%99h%c9%99ri-suraxani-rayonu-101-nomr%c9%99li-m%c9%99kt%c9%99b\/\"><\/a>\n\t\t\t\t\t\t\t\t<\/figcaption>\n\t\t\t\t\t\t\t<\/figure>\n\t\t\t\t\t\t<\/div>\n\t\t\t\t\t<\/div>\n\t\t\t\t<\/div>\n\t\t\t\t\t\t\t<div class=\"item m%c9%99kt%c9%99b\">\n\t\t\t\t\t<div class=\"item-wrapper\">\n\t\t\t\t\t\t<div class=\"portfolio-thumbnail\">\n\t\t\t\t\t\t\t<figure>\t\t\t\t\t\t\t\t\n\t\t\t\t\t\t\t\t<img loading=\"lazy\" decoding=\"async\" width=\"600\" height=\"380\" src=\"https:\/\/mammadogullari.com\/wp-content\/uploads\/2025\/06\/1599460836503736161-600x380.webp\" class=\"attachment-ts_portfolio_thumb size-ts_portfolio_thumb wp-post-image\" alt=\"\" srcset=\"https:\/\/mammadogullari.com\/wp-content\/uploads\/2025\/06\/1599460836503736161-600x380.webp 600w, https:\/\/mammadogullari.com\/wp-content\/uploads\/2025\/06\/1599460836503736161-18x10.webp 18w\" sizes=\"auto, (max-width: 600px) 100vw, 600px\" \/>\t\t\t\t\t\t\t\t\n\t\t\t\t\t\t\t\t<figcaption>\n\t\t\t\t\t\t\t\t\t<div class=\"portfolio-meta\">\n\t\t\t\t\t\t\t\t\t\n\t\t\t\t\t\t\t\t\t\t\t\t\t\t\t\t\t\t\t\t\t<h4 class=\"heading-title semibold\"><a href=\"https:\/\/mammadogullari.com\/en\/portfolio\/baki-s%c9%99h%c9%99ri-251-nomr%c9%99li-m%c9%99kt%c9%99b\/\">Bak\u0131 \u015f\u0259h\u0259ri 251 n\u00f6mr\u0259li m\u0259kt\u0259b<\/a><\/h4>\n\t\t\t\t\t\t\t\t\t\t\t\t\t\t\t\t\t\t\t\t\n\t\t\t\t\t\t\t\t\t\t<div class=\"portfolio-meta-bottom\">\n\t\t\t\t\t\t\t\t\t\t\t\t\t\t\t\t\t\t\t\t\t\t\t\t\t\t\t\t\t\t\t\t\t\t<div class=\"cats-portfolio\">\n\t\t\t\t\t\t\t\t\t\t\t\t\tin <a href=\"https:\/\/mammadogullari.com\/en\/ts_portfolio_cat\/m%c9%99kt%c9%99b\/\" rel=\"tag\">M\u0259kt\u0259b<\/a>\t\t\t\t\t\t\t\t\t\t\t\t<\/div>\n\t\t\t\t\t\t\t\t\t\t\t\t\t\t\t\t\t\t\t\t\t\t\n\t\t\t\t\t\t\t\t\t\t\t<div class=\"icon-group\">\n\t\t\t\t\t\t\t\t\t\t\t\t\t\t\t\t\t\t\t\t\t\t\t<\/div>\n\t\t\t\t\t\t\t\t\t\t\n\t\t\t\t\t\t\t\t\t\t<\/div>\n\t\t\t\t\t\t\t\t\t<\/div>\n\t\t\t\t\t\t\t\t\t<a href=\"https:\/\/mammadogullari.com\/en\/portfolio\/baki-s%c9%99h%c9%99ri-251-nomr%c9%99li-m%c9%99kt%c9%99b\/\"><\/a>\n\t\t\t\t\t\t\t\t<\/figcaption>\n\t\t\t\t\t\t\t<\/figure>\n\t\t\t\t\t\t<\/div>\n\t\t\t\t\t<\/div>\n\t\t\t\t<\/div>\n\t\t\t\t\t\t\t<div class=\"item %c9%99m%c9%99kdasliq\">\n\t\t\t\t\t<div class=\"item-wrapper\">\n\t\t\t\t\t\t<div class=\"portfolio-thumbnail\">\n\t\t\t\t\t\t\t<figure>\t\t\t\t\t\t\t\t\n\t\t\t\t\t\t\t\t<img loading=\"lazy\" decoding=\"async\" width=\"600\" height=\"380\" src=\"https:\/\/mammadogullari.com\/wp-content\/uploads\/2025\/06\/label-homebox-1-685d49f09b891-e1750944572331-600x380.webp\" class=\"attachment-ts_portfolio_thumb size-ts_portfolio_thumb wp-post-image\" alt=\"\" srcset=\"https:\/\/mammadogullari.com\/wp-content\/uploads\/2025\/06\/label-homebox-1-685d49f09b891-e1750944572331-600x380.webp 600w, https:\/\/mammadogullari.com\/wp-content\/uploads\/2025\/06\/label-homebox-1-685d49f09b891-e1750944572331-300x189.webp 300w, https:\/\/mammadogullari.com\/wp-content\/uploads\/2025\/06\/label-homebox-1-685d49f09b891-e1750944572331-1024x646.webp 1024w, https:\/\/mammadogullari.com\/wp-content\/uploads\/2025\/06\/label-homebox-1-685d49f09b891-e1750944572331-768x485.webp 768w, https:\/\/mammadogullari.com\/wp-content\/uploads\/2025\/06\/label-homebox-1-685d49f09b891-e1750944572331-18x12.webp 18w, https:\/\/mammadogullari.com\/wp-content\/uploads\/2025\/06\/label-homebox-1-685d49f09b891-e1750944572331-800x505.webp 800w, https:\/\/mammadogullari.com\/wp-content\/uploads\/2025\/06\/label-homebox-1-685d49f09b891-e1750944572331.webp 1230w\" sizes=\"auto, (max-width: 600px) 100vw, 600px\" \/>\t\t\t\t\t\t\t\t\n\t\t\t\t\t\t\t\t<figcaption>\n\t\t\t\t\t\t\t\t\t<div class=\"portfolio-meta\">\n\t\t\t\t\t\t\t\t\t\n\t\t\t\t\t\t\t\t\t\t\t\t\t\t\t\t\t\t\t\t\t<h4 class=\"heading-title semibold\"><a href=\"https:\/\/mammadogullari.com\/en\/portfolio\/home-box\/\">Home Box<\/a><\/h4>\n\t\t\t\t\t\t\t\t\t\t\t\t\t\t\t\t\t\t\t\t\n\t\t\t\t\t\t\t\t\t\t<div class=\"portfolio-meta-bottom\">\n\t\t\t\t\t\t\t\t\t\t\t\t\t\t\t\t\t\t\t\t\t\t\t\t\t\t\t\t\t\t\t\t\t\t<div class=\"cats-portfolio\">\n\t\t\t\t\t\t\t\t\t\t\t\t\tin <a href=\"https:\/\/mammadogullari.com\/en\/ts_portfolio_cat\/%c9%99m%c9%99kdasliq\/\" rel=\"tag\">\u018fm\u0259kda\u015fl\u0131q<\/a>\t\t\t\t\t\t\t\t\t\t\t\t<\/div>\n\t\t\t\t\t\t\t\t\t\t\t\t\t\t\t\t\t\t\t\t\t\t\n\t\t\t\t\t\t\t\t\t\t\t<div class=\"icon-group\">\n\t\t\t\t\t\t\t\t\t\t\t\t\t\t\t\t\t\t\t\t\t\t\t<\/div>\n\t\t\t\t\t\t\t\t\t\t\n\t\t\t\t\t\t\t\t\t\t<\/div>\n\t\t\t\t\t\t\t\t\t<\/div>\n\t\t\t\t\t\t\t\t\t<a href=\"https:\/\/mammadogullari.com\/en\/portfolio\/home-box\/\"><\/a>\n\t\t\t\t\t\t\t\t<\/figcaption>\n\t\t\t\t\t\t\t<\/figure>\n\t\t\t\t\t\t<\/div>\n\t\t\t\t\t<\/div>\n\t\t\t\t<\/div>\n\t\t\t\t\t\t\t<div class=\"item universitet\">\n\t\t\t\t\t<div class=\"item-wrapper\">\n\t\t\t\t\t\t<div class=\"portfolio-thumbnail\">\n\t\t\t\t\t\t\t<figure>\t\t\t\t\t\t\t\t\n\t\t\t\t\t\t\t\t<img loading=\"lazy\" decoding=\"async\" width=\"600\" height=\"380\" src=\"https:\/\/mammadogullari.com\/wp-content\/uploads\/2025\/06\/36-1-600x380.jpg\" class=\"attachment-ts_portfolio_thumb size-ts_portfolio_thumb wp-post-image\" alt=\"\" srcset=\"https:\/\/mammadogullari.com\/wp-content\/uploads\/2025\/06\/36-1-600x380.jpg 600w, https:\/\/mammadogullari.com\/wp-content\/uploads\/2025\/06\/36-1-18x12.jpg 18w\" sizes=\"auto, (max-width: 600px) 100vw, 600px\" \/>\t\t\t\t\t\t\t\t\n\t\t\t\t\t\t\t\t<figcaption>\n\t\t\t\t\t\t\t\t\t<div class=\"portfolio-meta\">\n\t\t\t\t\t\t\t\t\t\n\t\t\t\t\t\t\t\t\t\t\t\t\t\t\t\t\t\t\t\t\t<h4 class=\"heading-title semibold\"><a href=\"https:\/\/mammadogullari.com\/en\/portfolio\/baki-dovl%c9%99t-universiteti\/\">Bak\u0131 D\u00f6vl\u0259t Universiteti<\/a><\/h4>\n\t\t\t\t\t\t\t\t\t\t\t\t\t\t\t\t\t\t\t\t\n\t\t\t\t\t\t\t\t\t\t<div class=\"portfolio-meta-bottom\">\n\t\t\t\t\t\t\t\t\t\t\t\t\t\t\t\t\t\t\t\t\t\t\t\t\t\t\t\t\t\t\t\t\t\t<div class=\"cats-portfolio\">\n\t\t\t\t\t\t\t\t\t\t\t\t\tin <a href=\"https:\/\/mammadogullari.com\/en\/ts_portfolio_cat\/universitet\/\" rel=\"tag\">Universitet<\/a>\t\t\t\t\t\t\t\t\t\t\t\t<\/div>\n\t\t\t\t\t\t\t\t\t\t\t\t\t\t\t\t\t\t\t\t\t\t\n\t\t\t\t\t\t\t\t\t\t\t<div class=\"icon-group\">\n\t\t\t\t\t\t\t\t\t\t\t\t\t\t\t\t\t\t\t\t\t\t\t<\/div>\n\t\t\t\t\t\t\t\t\t\t\n\t\t\t\t\t\t\t\t\t\t<\/div>\n\t\t\t\t\t\t\t\t\t<\/div>\n\t\t\t\t\t\t\t\t\t<a href=\"https:\/\/mammadogullari.com\/en\/portfolio\/baki-dovl%c9%99t-universiteti\/\"><\/a>\n\t\t\t\t\t\t\t\t<\/figcaption>\n\t\t\t\t\t\t\t<\/figure>\n\t\t\t\t\t\t<\/div>\n\t\t\t\t\t<\/div>\n\t\t\t\t<\/div>\n\t\t\t\t\t\t\t<div class=\"item bagca\">\n\t\t\t\t\t<div class=\"item-wrapper\">\n\t\t\t\t\t\t<div class=\"portfolio-thumbnail\">\n\t\t\t\t\t\t\t<figure>\t\t\t\t\t\t\t\t\n\t\t\t\t\t\t\t\t<img loading=\"lazy\" decoding=\"async\" width=\"600\" height=\"380\" src=\"https:\/\/mammadogullari.com\/wp-content\/uploads\/2025\/06\/1730394226-29920062ee8fdb75d61cf7cf4fc1b7c4-6859bf22805b3-600x380.webp\" class=\"attachment-ts_portfolio_thumb size-ts_portfolio_thumb wp-post-image\" alt=\"\" srcset=\"https:\/\/mammadogullari.com\/wp-content\/uploads\/2025\/06\/1730394226-29920062ee8fdb75d61cf7cf4fc1b7c4-6859bf22805b3-600x380.webp 600w, https:\/\/mammadogullari.com\/wp-content\/uploads\/2025\/06\/1730394226-29920062ee8fdb75d61cf7cf4fc1b7c4-6859bf22805b3-18x12.webp 18w\" sizes=\"auto, (max-width: 600px) 100vw, 600px\" \/>\t\t\t\t\t\t\t\t\n\t\t\t\t\t\t\t\t<figcaption>\n\t\t\t\t\t\t\t\t\t<div class=\"portfolio-meta\">\n\t\t\t\t\t\t\t\t\t\n\t\t\t\t\t\t\t\t\t\t\t\t\t\t\t\t\t\t\t\t\t<h4 class=\"heading-title semibold\"><a href=\"https:\/\/mammadogullari.com\/en\/portfolio\/bakin-s%c9%99h%c9%99ri-x%c9%99tai-rayonu-alim-m%c9%99mm%c9%99dov-adina-korp%c9%99l%c9%99r-evi-usaq-bagcasi\/\">Bak\u0131n \u015f\u0259h\u0259ri X\u0259tai rayonu Alim M\u0259mm\u0259dov ad\u0131na k\u00f6rp\u0259l\u0259r evi-u\u015faq ba\u011f\u00e7as\u0131<\/a><\/h4>\n\t\t\t\t\t\t\t\t\t\t\t\t\t\t\t\t\t\t\t\t\n\t\t\t\t\t\t\t\t\t\t<div class=\"portfolio-meta-bottom\">\n\t\t\t\t\t\t\t\t\t\t\t\t\t\t\t\t\t\t\t\t\t\t\t\t\t\t\t\t\t\t\t\t\t\t<div class=\"cats-portfolio\">\n\t\t\t\t\t\t\t\t\t\t\t\t\tin <a href=\"https:\/\/mammadogullari.com\/en\/ts_portfolio_cat\/bagca\/\" rel=\"tag\">Ba\u011f\u00e7a<\/a>\t\t\t\t\t\t\t\t\t\t\t\t<\/div>\n\t\t\t\t\t\t\t\t\t\t\t\t\t\t\t\t\t\t\t\t\t\t\n\t\t\t\t\t\t\t\t\t\t\t<div class=\"icon-group\">\n\t\t\t\t\t\t\t\t\t\t\t\t\t\t\t\t\t\t\t\t\t\t\t<\/div>\n\t\t\t\t\t\t\t\t\t\t\n\t\t\t\t\t\t\t\t\t\t<\/div>\n\t\t\t\t\t\t\t\t\t<\/div>\n\t\t\t\t\t\t\t\t\t<a href=\"https:\/\/mammadogullari.com\/en\/portfolio\/bakin-s%c9%99h%c9%99ri-x%c9%99tai-rayonu-alim-m%c9%99mm%c9%99dov-adina-korp%c9%99l%c9%99r-evi-usaq-bagcasi\/\"><\/a>\n\t\t\t\t\t\t\t\t<\/figcaption>\n\t\t\t\t\t\t\t<\/figure>\n\t\t\t\t\t\t<\/div>\n\t\t\t\t\t<\/div>\n\t\t\t\t<\/div>\n\t\t\t\t\t\t\t<div class=\"item m%c9%99kt%c9%99b\">\n\t\t\t\t\t<div class=\"item-wrapper\">\n\t\t\t\t\t\t<div class=\"portfolio-thumbnail\">\n\t\t\t\t\t\t\t<figure>\t\t\t\t\t\t\t\t\n\t\t\t\t\t\t\t\t<img loading=\"lazy\" decoding=\"async\" width=\"600\" height=\"380\" src=\"https:\/\/mammadogullari.com\/wp-content\/uploads\/2025\/06\/1662631775252141790-1200x630-6859b912c1a38-600x380.webp\" class=\"attachment-ts_portfolio_thumb size-ts_portfolio_thumb wp-post-image\" alt=\"\" srcset=\"https:\/\/mammadogullari.com\/wp-content\/uploads\/2025\/06\/1662631775252141790-1200x630-6859b912c1a38-600x380.webp 600w, https:\/\/mammadogullari.com\/wp-content\/uploads\/2025\/06\/1662631775252141790-1200x630-6859b912c1a38-18x10.webp 18w\" sizes=\"auto, (max-width: 600px) 100vw, 600px\" \/>\t\t\t\t\t\t\t\t\n\t\t\t\t\t\t\t\t<figcaption>\n\t\t\t\t\t\t\t\t\t<div class=\"portfolio-meta\">\n\t\t\t\t\t\t\t\t\t\n\t\t\t\t\t\t\t\t\t\t\t\t\t\t\t\t\t\t\t\t\t<h4 class=\"heading-title semibold\"><a href=\"https:\/\/mammadogullari.com\/en\/portfolio\/baki-s%c9%99h%c9%99ri-suraxani-rayonu-87-sayli-m%c9%99kt%c9%99b\/\">Bak\u0131 \u015f\u0259h\u0259ri Suraxan\u0131 rayonu 87 sayl\u0131 m\u0259kt\u0259b<\/a><\/h4>\n\t\t\t\t\t\t\t\t\t\t\t\t\t\t\t\t\t\t\t\t\n\t\t\t\t\t\t\t\t\t\t<div class=\"portfolio-meta-bottom\">\n\t\t\t\t\t\t\t\t\t\t\t\t\t\t\t\t\t\t\t\t\t\t\t\t\t\t\t\t\t\t\t\t\t\t<div class=\"cats-portfolio\">\n\t\t\t\t\t\t\t\t\t\t\t\t\tin <a href=\"https:\/\/mammadogullari.com\/en\/ts_portfolio_cat\/m%c9%99kt%c9%99b\/\" rel=\"tag\">M\u0259kt\u0259b<\/a>\t\t\t\t\t\t\t\t\t\t\t\t<\/div>\n\t\t\t\t\t\t\t\t\t\t\t\t\t\t\t\t\t\t\t\t\t\t\n\t\t\t\t\t\t\t\t\t\t\t<div class=\"icon-group\">\n\t\t\t\t\t\t\t\t\t\t\t\t\t\t\t\t\t\t\t\t\t\t\t<\/div>\n\t\t\t\t\t\t\t\t\t\t\n\t\t\t\t\t\t\t\t\t\t<\/div>\n\t\t\t\t\t\t\t\t\t<\/div>\n\t\t\t\t\t\t\t\t\t<a href=\"https:\/\/mammadogullari.com\/en\/portfolio\/baki-s%c9%99h%c9%99ri-suraxani-rayonu-87-sayli-m%c9%99kt%c9%99b\/\"><\/a>\n\t\t\t\t\t\t\t\t<\/figcaption>\n\t\t\t\t\t\t\t<\/figure>\n\t\t\t\t\t\t<\/div>\n\t\t\t\t\t<\/div>\n\t\t\t\t<\/div>\n\t\t\t\t\t\t\t<div class=\"item m%c9%99kt%c9%99b\">\n\t\t\t\t\t<div class=\"item-wrapper\">\n\t\t\t\t\t\t<div class=\"portfolio-thumbnail\">\n\t\t\t\t\t\t\t<figure>\t\t\t\t\t\t\t\t\n\t\t\t\t\t\t\t\t<img loading=\"lazy\" decoding=\"async\" width=\"600\" height=\"380\" src=\"https:\/\/mammadogullari.com\/wp-content\/uploads\/2025\/06\/15984324432874722449-1200x630-6859b1c883094-600x380.webp\" class=\"attachment-ts_portfolio_thumb size-ts_portfolio_thumb wp-post-image\" alt=\"\" srcset=\"https:\/\/mammadogullari.com\/wp-content\/uploads\/2025\/06\/15984324432874722449-1200x630-6859b1c883094-600x380.webp 600w, https:\/\/mammadogullari.com\/wp-content\/uploads\/2025\/06\/15984324432874722449-1200x630-6859b1c883094-18x12.webp 18w\" sizes=\"auto, (max-width: 600px) 100vw, 600px\" \/>\t\t\t\t\t\t\t\t\n\t\t\t\t\t\t\t\t<figcaption>\n\t\t\t\t\t\t\t\t\t<div class=\"portfolio-meta\">\n\t\t\t\t\t\t\t\t\t\n\t\t\t\t\t\t\t\t\t\t\t\t\t\t\t\t\t\t\t\t\t<h4 class=\"heading-title semibold\"><a href=\"https:\/\/mammadogullari.com\/en\/portfolio\/baki-s%c9%99h%c9%99ri-qala-q%c9%99s%c9%99b%c9%99si-216-nomr%c9%99li-tam-orta-m%c9%99kt%c9%99b\/\">Bak\u0131 \u015f\u0259h\u0259ri Qala q\u0259s\u0259b\u0259si 216 n\u00f6mr\u0259li tam orta m\u0259kt\u0259b<\/a><\/h4>\n\t\t\t\t\t\t\t\t\t\t\t\t\t\t\t\t\t\t\t\t\n\t\t\t\t\t\t\t\t\t\t<div class=\"portfolio-meta-bottom\">\n\t\t\t\t\t\t\t\t\t\t\t\t\t\t\t\t\t\t\t\t\t\t\t\t\t\t\t\t\t\t\t\t\t\t<div class=\"cats-portfolio\">\n\t\t\t\t\t\t\t\t\t\t\t\t\tin <a href=\"https:\/\/mammadogullari.com\/en\/ts_portfolio_cat\/m%c9%99kt%c9%99b\/\" rel=\"tag\">M\u0259kt\u0259b<\/a>\t\t\t\t\t\t\t\t\t\t\t\t<\/div>\n\t\t\t\t\t\t\t\t\t\t\t\t\t\t\t\t\t\t\t\t\t\t\n\t\t\t\t\t\t\t\t\t\t\t<div class=\"icon-group\">\n\t\t\t\t\t\t\t\t\t\t\t\t\t\t\t\t\t\t\t\t\t\t\t<\/div>\n\t\t\t\t\t\t\t\t\t\t\n\t\t\t\t\t\t\t\t\t\t<\/div>\n\t\t\t\t\t\t\t\t\t<\/div>\n\t\t\t\t\t\t\t\t\t<a href=\"https:\/\/mammadogullari.com\/en\/portfolio\/baki-s%c9%99h%c9%99ri-qala-q%c9%99s%c9%99b%c9%99si-216-nomr%c9%99li-tam-orta-m%c9%99kt%c9%99b\/\"><\/a>\n\t\t\t\t\t\t\t\t<\/figcaption>\n\t\t\t\t\t\t\t<\/figure>\n\t\t\t\t\t\t<\/div>\n\t\t\t\t\t<\/div>\n\t\t\t\t<\/div>\n\t\t\t\t\t\t\t<\/div>\n\t\t\t\t\n\t\t\t\t\t\t\t\t<div class=\"load-more-wrapper\">\n\t\t\t\t\t<a href=\"#\" class=\"load-more\" data-total_pages=\"3\" data-paged=\"2\">Daha \u00c7ox<\/a>\n\t\t\t\t<\/div>\n\t\t\t\t\t\t\t<\/div>\n\t\t\t\n\t\t\t\t<\/div>\n<\/div><\/div>\t<div  class=\"vc_row wpb_row vc_row-fluid vc_column-gap-default ts-row-wide\"  ><div class=\"wpb_column vc_column_container vc_col-sm-12 vc_hidden-md vc_hidden-sm vc_hidden-xs\">\n\t<div class=\"wpb_wrapper\">\n\t<div class=\"vc_empty_space\"   style=\"height: 50px\"><span class=\"vc_empty_space_inner\"><\/span><\/div>\t<\/div>\n<\/div><\/div>","protected":false},"excerpt":{"rendered":"","protected":false},"author":1,"featured_media":0,"parent":0,"menu_order":0,"comment_status":"closed","ping_status":"closed","template":"","meta":{"footnotes":""},"class_list":["post-313","page","type-page","status-publish","hentry"],"yoast_head":"<!-- This site is optimized with the Yoast SEO plugin v25.8 - https:\/\/yoast.com\/wordpress\/plugins\/seo\/ -->\n<title>LAY\u0130H\u018fL\u018fR - M\u018fMM\u018fDO\u011eULLARI MEBEL<\/title>\n<meta name=\"robots\" content=\"index, follow, max-snippet:-1, max-image-preview:large, max-video-preview:-1\" \/>\n<link rel=\"canonical\" href=\"https:\/\/mammadogullari.com\/en\/layiheler\/\" \/>\n<meta property=\"og:locale\" content=\"en_US\" \/>\n<meta property=\"og:type\" content=\"article\" \/>\n<meta property=\"og:title\" content=\"LAY\u0130H\u018fL\u018fR - M\u018fMM\u018fDO\u011eULLARI MEBEL\" \/>\n<meta property=\"og:url\" content=\"https:\/\/mammadogullari.com\/en\/layiheler\/\" \/>\n<meta property=\"og:site_name\" content=\"M\u018fMM\u018fDO\u011eULLARI MEBEL\" \/>\n<meta property=\"article:publisher\" content=\"https:\/\/www.facebook.com\/profile.php?id=61575295276684\" \/>\n<meta property=\"article:modified_time\" content=\"2025-06-23T21:07:15+00:00\" \/>\n<meta name=\"twitter:card\" content=\"summary_large_image\" \/>\n<meta name=\"twitter:label1\" content=\"Est. reading time\" \/>\n\t<meta name=\"twitter:data1\" content=\"1 minute\" \/>\n<script type=\"application\/ld+json\" class=\"yoast-schema-graph\">{\"@context\":\"https:\/\/schema.org\",\"@graph\":[{\"@type\":\"WebPage\",\"@id\":\"https:\/\/mammadogullari.com\/layiheler\/\",\"url\":\"https:\/\/mammadogullari.com\/layiheler\/\",\"name\":\"LAY\u0130H\u018fL\u018fR - M\u018fMM\u018fDO\u011eULLARI MEBEL\",\"isPartOf\":{\"@id\":\"https:\/\/mammadogullari.com\/#website\"},\"datePublished\":\"2014-11-01T04:12:38+00:00\",\"dateModified\":\"2025-06-23T21:07:15+00:00\",\"breadcrumb\":{\"@id\":\"https:\/\/mammadogullari.com\/layiheler\/#breadcrumb\"},\"inLanguage\":\"en-US\",\"potentialAction\":[{\"@type\":\"ReadAction\",\"target\":[\"https:\/\/mammadogullari.com\/layiheler\/\"]}]},{\"@type\":\"BreadcrumbList\",\"@id\":\"https:\/\/mammadogullari.com\/layiheler\/#breadcrumb\",\"itemListElement\":[{\"@type\":\"ListItem\",\"position\":1,\"name\":\"Home\",\"item\":\"https:\/\/mammadogullari.com\/\"},{\"@type\":\"ListItem\",\"position\":2,\"name\":\"LAY\u0130H\u018fL\u018fR\"}]},{\"@type\":\"WebSite\",\"@id\":\"https:\/\/mammadogullari.com\/#website\",\"url\":\"https:\/\/mammadogullari.com\/\",\"name\":\"M\u0259mm\u0259do\u011fullar\u0131 Mebel\",\"description\":\"\",\"publisher\":{\"@id\":\"https:\/\/mammadogullari.com\/#organization\"},\"potentialAction\":[{\"@type\":\"SearchAction\",\"target\":{\"@type\":\"EntryPoint\",\"urlTemplate\":\"https:\/\/mammadogullari.com\/?s={search_term_string}\"},\"query-input\":{\"@type\":\"PropertyValueSpecification\",\"valueRequired\":true,\"valueName\":\"search_term_string\"}}],\"inLanguage\":\"en-US\"},{\"@type\":\"Organization\",\"@id\":\"https:\/\/mammadogullari.com\/#organization\",\"name\":\"M\u0259mm\u0259do\u011fullar\u0131 Mebel\",\"url\":\"https:\/\/mammadogullari.com\/\",\"logo\":{\"@type\":\"ImageObject\",\"inLanguage\":\"en-US\",\"@id\":\"https:\/\/mammadogullari.com\/#\/schema\/logo\/image\/\",\"url\":\"https:\/\/mammadogullari.com\/wp-content\/uploads\/2025\/04\/Memmedogullari-Logo-01-e1744276156707.webp\",\"contentUrl\":\"https:\/\/mammadogullari.com\/wp-content\/uploads\/2025\/04\/Memmedogullari-Logo-01-e1744276156707.webp\",\"width\":294,\"height\":61,\"caption\":\"M\u0259mm\u0259do\u011fullar\u0131 Mebel\"},\"image\":{\"@id\":\"https:\/\/mammadogullari.com\/#\/schema\/logo\/image\/\"},\"sameAs\":[\"https:\/\/www.facebook.com\/profile.php?id=61575295276684\",\"https:\/\/www.instagram.com\/mammadogullari\",\"https:\/\/www.youtube.com\/@Mmmdoullar\",\"https:\/\/www.linkedin.com\/company\/mammadogullari\/\"]}]}<\/script>\n<!-- \/ Yoast SEO plugin. -->","yoast_head_json":{"title":"LAY\u0130H\u018fL\u018fR - M\u018fMM\u018fDO\u011eULLARI MEBEL","robots":{"index":"index","follow":"follow","max-snippet":"max-snippet:-1","max-image-preview":"max-image-preview:large","max-video-preview":"max-video-preview:-1"},"canonical":"https:\/\/mammadogullari.com\/en\/layiheler\/","og_locale":"en_US","og_type":"article","og_title":"LAY\u0130H\u018fL\u018fR - M\u018fMM\u018fDO\u011eULLARI MEBEL","og_url":"https:\/\/mammadogullari.com\/en\/layiheler\/","og_site_name":"M\u018fMM\u018fDO\u011eULLARI MEBEL","article_publisher":"https:\/\/www.facebook.com\/profile.php?id=61575295276684","article_modified_time":"2025-06-23T21:07:15+00:00","twitter_card":"summary_large_image","twitter_misc":{"Est. reading time":"1 minute"},"schema":{"@context":"https:\/\/schema.org","@graph":[{"@type":"WebPage","@id":"https:\/\/mammadogullari.com\/layiheler\/","url":"https:\/\/mammadogullari.com\/layiheler\/","name":"LAY\u0130H\u018fL\u018fR - M\u018fMM\u018fDO\u011eULLARI MEBEL","isPartOf":{"@id":"https:\/\/mammadogullari.com\/#website"},"datePublished":"2014-11-01T04:12:38+00:00","dateModified":"2025-06-23T21:07:15+00:00","breadcrumb":{"@id":"https:\/\/mammadogullari.com\/layiheler\/#breadcrumb"},"inLanguage":"en-US","potentialAction":[{"@type":"ReadAction","target":["https:\/\/mammadogullari.com\/layiheler\/"]}]},{"@type":"BreadcrumbList","@id":"https:\/\/mammadogullari.com\/layiheler\/#breadcrumb","itemListElement":[{"@type":"ListItem","position":1,"name":"Home","item":"https:\/\/mammadogullari.com\/"},{"@type":"ListItem","position":2,"name":"LAY\u0130H\u018fL\u018fR"}]},{"@type":"WebSite","@id":"https:\/\/mammadogullari.com\/#website","url":"https:\/\/mammadogullari.com\/","name":"M\u0259mm\u0259do\u011fullar\u0131 Mebel","description":"","publisher":{"@id":"https:\/\/mammadogullari.com\/#organization"},"potentialAction":[{"@type":"SearchAction","target":{"@type":"EntryPoint","urlTemplate":"https:\/\/mammadogullari.com\/?s={search_term_string}"},"query-input":{"@type":"PropertyValueSpecification","valueRequired":true,"valueName":"search_term_string"}}],"inLanguage":"en-US"},{"@type":"Organization","@id":"https:\/\/mammadogullari.com\/#organization","name":"M\u0259mm\u0259do\u011fullar\u0131 Mebel","url":"https:\/\/mammadogullari.com\/","logo":{"@type":"ImageObject","inLanguage":"en-US","@id":"https:\/\/mammadogullari.com\/#\/schema\/logo\/image\/","url":"https:\/\/mammadogullari.com\/wp-content\/uploads\/2025\/04\/Memmedogullari-Logo-01-e1744276156707.webp","contentUrl":"https:\/\/mammadogullari.com\/wp-content\/uploads\/2025\/04\/Memmedogullari-Logo-01-e1744276156707.webp","width":294,"height":61,"caption":"M\u0259mm\u0259do\u011fullar\u0131 Mebel"},"image":{"@id":"https:\/\/mammadogullari.com\/#\/schema\/logo\/image\/"},"sameAs":["https:\/\/www.facebook.com\/profile.php?id=61575295276684","https:\/\/www.instagram.com\/mammadogullari","https:\/\/www.youtube.com\/@Mmmdoullar","https:\/\/www.linkedin.com\/company\/mammadogullari\/"]}]}},"_links":{"self":[{"href":"https:\/\/mammadogullari.com\/en\/wp-json\/wp\/v2\/pages\/313","targetHints":{"allow":["GET"]}}],"collection":[{"href":"https:\/\/mammadogullari.com\/en\/wp-json\/wp\/v2\/pages"}],"about":[{"href":"https:\/\/mammadogullari.com\/en\/wp-json\/wp\/v2\/types\/page"}],"author":[{"embeddable":true,"href":"https:\/\/mammadogullari.com\/en\/wp-json\/wp\/v2\/users\/1"}],"replies":[{"embeddable":true,"href":"https:\/\/mammadogullari.com\/en\/wp-json\/wp\/v2\/comments?post=313"}],"version-history":[{"count":5,"href":"https:\/\/mammadogullari.com\/en\/wp-json\/wp\/v2\/pages\/313\/revisions"}],"predecessor-version":[{"id":19138,"href":"https:\/\/mammadogullari.com\/en\/wp-json\/wp\/v2\/pages\/313\/revisions\/19138"}],"wp:attachment":[{"href":"https:\/\/mammadogullari.com\/en\/wp-json\/wp\/v2\/media?parent=313"}],"curies":[{"name":"wp","href":"https:\/\/api.w.org\/{rel}","templated":true}]}}